{"id":5108,"date":"2020-05-04T13:02:21","date_gmt":"2020-05-04T11:02:21","guid":{"rendered":"https:\/\/upplevelsebolaget.com\/bokningsvillkor\/"},"modified":"2024-01-25T16:20:16","modified_gmt":"2024-01-25T15:20:16","slug":"bokningsvillkor","status":"publish","type":"page","link":"https:\/\/upplevelsebolaget.com\/sv\/bokningsvillkor\/","title":{"rendered":"Bokningsvillkor"},"content":{"rendered":"\n<p><strong>F\u00f6ljande bokningsvillkor f\u00f6r privatpersoner \u00e4r till\u00e4mpliga p\u00e5 alla v\u00e5ra kurser, guidade turer eller f\u00f6r aktiviteter p\u00e5 egen hand med hyrd utrustning. <\/strong><\/p>\n\n<h3 class=\"wp-block-heading\">Bokning och betalning<\/h3>\n\n<p>\u2022 Bokning av de flesta av v\u00e5ra aktiviteter sker online. De aktiviteter som inte \u00e4r bokningsbara online kan bokas via telefon eller <a href=\"mailto:bokning@upplevelsebolaget.com\">e-post<\/a>.<br\/>\u2022 Bokning av alla v\u00e5ra arrangemang \u00e4r bindande, oavsett p\u00e5 vilket s\u00e4tt bokningen sker.<br\/>\u2022 N\u00e4r du bokar betalar du hela beloppet (vissa undantag, se nedan). N\u00e4r betalningen kommit oss tillhanda \u00e4r din bokning definitiv och utrustning \/ plats reserverad.<br\/>\u2022 Vissa aktiviteter (resor) kan ha en anm\u00e4lningsavgift, som \u00e4r en delbetalning av resans totalpris. En anm\u00e4lningsavgift betalas inte tillbaka vid avbokad resa.<\/p>\n\n<h3 class=\"wp-block-heading\">Avbokning<\/h3>\n\n<p>\u2022 Vid avbokning mer \u00e4n 30 dagar f\u00f6re avresa \u00e5terbetalas hela beloppet, minus en administrationsavgift p\u00e5 10% av den totala kostnaden, eller minst 100 SEK.<br\/>\u2022 F\u00f6r avbokningar 7-30 dagar f\u00f6re avresa \u00e5terbetalas 50% av den totala kostnaden.<br\/>\u2022 Vid avbokning mindre \u00e4n 7 dagar f\u00f6re avresa sker ingen \u00e5terbetalning.<br\/>\u2022 Alla avbokningar ska g\u00f6ras via <a href=\"mailto:bokning@upplevelsebolaget.com\">e-post<\/a>. <\/p>\n\n<h3 class=\"wp-block-heading\">Ansvar och f\u00f6rs\u00e4kring<\/h3>\n\n<p>\u2022 Deltagande i alla aktiviteter med Upplevelsebolaget, samt f\u00f6r aktiviteter med hyrd utrustning, sker p\u00e5 egen risk.<br\/>\u2022 Vid guidade aktiviteter (turer och kurser) omfattas du som deltagare av Upplevelsebolagets ansvars- och olycksfallsf\u00f6rs\u00e4kring. Vi rekommenderar dock att du alltid kontrollerar vad din egen f\u00f6rs\u00e4kring g\u00e4ller f\u00f6r.<br\/>\u2022 Du \u00e4r ers\u00e4ttningsansvarig f\u00f6r skador p\u00e5 eller st\u00f6ld av hyrd utrustning.<br\/>\u2022 Upplevelsebolaget har inga f\u00f6rs\u00e4kringar som du kan utnyttja vid hyra av utrustning. Kontrollera om din hemf\u00f6rs\u00e4kring g\u00e4ller vid skador eller f\u00f6rlust av hyrd utrustning.<br\/>\u2022 Kajaker och annan utrustning skall \u00e5terl\u00e4mnas v\u00e4l rengjord. Du hittar tv\u00e4ttm\u00f6jligheter hos oss.<br\/>\u2022 Om du v\u00e4ljer att l\u00e5ta oss g\u00f6ra rent utrustningen debiterar vi 300 kr. per person. Det \u00e4r ocks\u00e5 vad vi debiterar om utrustningen inte \u00e4r tillr\u00e4ckligt v\u00e4l rengjord. Vi vill g\u00e4rna att n\u00e4sta kund ska f\u00e5 ren och v\u00e4l fungerande utrustning.<br\/>\u2022 F\u00f6r aktiviteter p\u00e5 vattnet kr\u00e4vs att du \u00e4r simkunnig.<br\/>\u2022 Du anv\u00e4nder alltid flytv\u00e4st n\u00e4r du paddlar kajak eller hj\u00e4lm n\u00e4r du cyklar mountainbike. Det g\u00e4ller ocks\u00e5 f\u00f6r aktiviteter med hyrd utrustning.<br\/>\u2022 Du meddelar oss planerad f\u00e4rdv\u00e4g.<br\/>\u2022 Du ansvarar f\u00f6r att alla aktiviteter sker i enlighet med g\u00e4llande lagar och best\u00e4mmelser (sj\u00f6regler, v\u00e4gregler, allemansr\u00e4tt) .<br\/>\u2022 Blir du f\u00f6rsenad meddelar du oss i s\u00e5 god tid som m\u00f6jligt.<\/p>\n\n<h3 class=\"wp-block-heading\">F\u00f6r\u00e4ndrad eller inst\u00e4lld aktivitet<\/h3>\n\n<p>\u2022 Ett program f\u00f6r en guidad aktivitet utomhus \u00e4r aldrig annat \u00e4n en prelimin\u00e4r plan. Yttre f\u00f6ruts\u00e4ttningar (v\u00e4der, vind, nederb\u00f6rd, sn\u00f6- och isf\u00f6rh\u00e5llanden) best\u00e4mmer vad vi kan genomf\u00f6ra och inte. Vi f\u00f6rbeh\u00e5ller oss r\u00e4tten att f\u00f6r\u00e4ndra aktivitetens inneh\u00e5ll och geografiska plats, f\u00f6r att garantera ett s\u00e4kert arrangemang, och b\u00e4sta m\u00f6jliga upplevelse utifr\u00e5n r\u00e5dande f\u00f6ruts\u00e4ttningar.<br\/>\u2022 Vi f\u00f6rbeh\u00e5ller oss r\u00e4tten att av s\u00e4kerhetssk\u00e4l st\u00e4lla in en planerad aktivitet. Att st\u00e4lla in en aktivitet \u00e4r ett beslut helt f\u00f6rbeh\u00e5llet Upplevelsebolaget.<br\/>\u2022 Vi f\u00f6rbeh\u00e5ller oss r\u00e4tten att st\u00e4lla in en planerad aktivitet om deltagarantalet blir f\u00f6r litet.<br\/>\u2022 Vid aktivitet som st\u00e4lls in av oss \u00e5terbetalas hela kostnaden f\u00f6r aktiviteten.<br\/>\u2022 Vi st\u00e5r inte f\u00f6r eventuella merkostnader (logi, resa m.m.) som en kund eventuellt kan \u00e5dra sig vid inst\u00e4lld aktivitet.<\/p>\n","protected":false},"excerpt":{"rendered":"<p>F\u00f6ljande bokningsvillkor f\u00f6r privatpersoner \u00e4r till\u00e4mpliga p\u00e5 alla v\u00e5ra kurser, guidade turer eller f\u00f6r aktiviteter p\u00e5 egen hand med hyrd utrustning. Bokning och betalning \u2022 Bokning av de flesta av v\u00e5ra aktiviteter sker online. De aktiviteter som inte \u00e4r bokningsbara online kan bokas via telefon eller e-post.\u2022 Bokning av alla v\u00e5ra arrangemang \u00e4r bindande, oavsett &#8230; <a title=\"Bokningsvillkor\" class=\"read-more\" href=\"https:\/\/upplevelsebolaget.com\/sv\/bokningsvillkor\/\" aria-label=\"L\u00e4s mer om Bokningsvillkor\">L\u00e4s mer<\/a><\/p>\n","protected":false},"author":3,"featured_media":4351,"parent":0,"menu_order":0,"comment_status":"closed","ping_status":"closed","template":"","meta":{"_acf_changed":false,"generate_page_header":"","footnotes":""},"class_list":{"0":"post-5108","1":"page","2":"type-page","3":"status-publish","4":"has-post-thumbnail","6":"no-featured-image-padding"},"acf":[],"yoast_head":"<!-- This site is optimized with the Yoast SEO plugin v27.4 - https:\/\/yoast.com\/product\/yoast-seo-wordpress\/ -->\n<title>Bokningsvillkor - Upplevelsebolaget<\/title>\n<meta name=\"robots\" content=\"index, follow, max-snippet:-1, max-image-preview:large, max-video-preview:-1\" \/>\n<link rel=\"canonical\" href=\"https:\/\/upplevelsebolaget.com\/sv\/bokningsvillkor\/\" \/>\n<meta property=\"og:locale\" content=\"sv_SE\" \/>\n<meta property=\"og:type\" content=\"article\" \/>\n<meta property=\"og:title\" content=\"Bokningsvillkor - Upplevelsebolaget\" \/>\n<meta property=\"og:description\" content=\"F\u00f6ljande bokningsvillkor f\u00f6r privatpersoner \u00e4r till\u00e4mpliga p\u00e5 alla v\u00e5ra kurser, guidade turer eller f\u00f6r aktiviteter p\u00e5 egen hand med hyrd utrustning. Bokning och betalning \u2022 Bokning av de flesta av v\u00e5ra aktiviteter sker online. De aktiviteter som inte \u00e4r bokningsbara online kan bokas via telefon eller e-post.\u2022 Bokning av alla v\u00e5ra arrangemang \u00e4r bindande, oavsett ... L\u00e4s mer\" \/>\n<meta property=\"og:url\" content=\"https:\/\/upplevelsebolaget.com\/sv\/bokningsvillkor\/\" \/>\n<meta property=\"og:site_name\" content=\"Upplevelsebolaget\" \/>\n<meta property=\"article:modified_time\" content=\"2024-01-25T15:20:16+00:00\" \/>\n<meta property=\"og:image\" content=\"https:\/\/upplevelsebolaget.com\/wp-content\/uploads\/2020\/06\/seakayaking_westsweden_koster-1.jpg\" \/>\n\t<meta property=\"og:image:width\" content=\"2560\" \/>\n\t<meta property=\"og:image:height\" content=\"1440\" \/>\n\t<meta property=\"og:image:type\" content=\"image\/jpeg\" \/>\n<meta name=\"twitter:card\" content=\"summary_large_image\" \/>\n<meta name=\"twitter:label1\" content=\"Ber\u00e4knad l\u00e4stid\" \/>\n\t<meta name=\"twitter:data1\" content=\"3 minuter\" \/>\n<script type=\"application\/ld+json\" class=\"yoast-schema-graph\">{\"@context\":\"https:\\\/\\\/schema.org\",\"@graph\":[{\"@type\":\"WebPage\",\"@id\":\"https:\\\/\\\/upplevelsebolaget.com\\\/sv\\\/bokningsvillkor\\\/\",\"url\":\"https:\\\/\\\/upplevelsebolaget.com\\\/sv\\\/bokningsvillkor\\\/\",\"name\":\"Bokningsvillkor - Upplevelsebolaget\",\"isPartOf\":{\"@id\":\"https:\\\/\\\/upplevelsebolaget.com\\\/sv\\\/#website\"},\"primaryImageOfPage\":{\"@id\":\"https:\\\/\\\/upplevelsebolaget.com\\\/sv\\\/bokningsvillkor\\\/#primaryimage\"},\"image\":{\"@id\":\"https:\\\/\\\/upplevelsebolaget.com\\\/sv\\\/bokningsvillkor\\\/#primaryimage\"},\"thumbnailUrl\":\"https:\\\/\\\/upplevelsebolaget.com\\\/wp-content\\\/uploads\\\/2020\\\/06\\\/seakayaking_westsweden_koster-1.jpg\",\"datePublished\":\"2020-05-04T11:02:21+00:00\",\"dateModified\":\"2024-01-25T15:20:16+00:00\",\"breadcrumb\":{\"@id\":\"https:\\\/\\\/upplevelsebolaget.com\\\/sv\\\/bokningsvillkor\\\/#breadcrumb\"},\"inLanguage\":\"sv-SE\",\"potentialAction\":[{\"@type\":\"ReadAction\",\"target\":[\"https:\\\/\\\/upplevelsebolaget.com\\\/sv\\\/bokningsvillkor\\\/\"]}]},{\"@type\":\"ImageObject\",\"inLanguage\":\"sv-SE\",\"@id\":\"https:\\\/\\\/upplevelsebolaget.com\\\/sv\\\/bokningsvillkor\\\/#primaryimage\",\"url\":\"https:\\\/\\\/upplevelsebolaget.com\\\/wp-content\\\/uploads\\\/2020\\\/06\\\/seakayaking_westsweden_koster-1.jpg\",\"contentUrl\":\"https:\\\/\\\/upplevelsebolaget.com\\\/wp-content\\\/uploads\\\/2020\\\/06\\\/seakayaking_westsweden_koster-1.jpg\",\"width\":2560,\"height\":1440},{\"@type\":\"BreadcrumbList\",\"@id\":\"https:\\\/\\\/upplevelsebolaget.com\\\/sv\\\/bokningsvillkor\\\/#breadcrumb\",\"itemListElement\":[{\"@type\":\"ListItem\",\"position\":1,\"name\":\"Hem\",\"item\":\"https:\\\/\\\/upplevelsebolaget.com\\\/sv\\\/hem\\\/\"},{\"@type\":\"ListItem\",\"position\":2,\"name\":\"Bokningsvillkor\"}]},{\"@type\":\"WebSite\",\"@id\":\"https:\\\/\\\/upplevelsebolaget.com\\\/sv\\\/#website\",\"url\":\"https:\\\/\\\/upplevelsebolaget.com\\\/sv\\\/\",\"name\":\"Upplevelsebolaget\",\"description\":\"Outdoor Experiences in West Sweden and Beyond\",\"potentialAction\":[{\"@type\":\"SearchAction\",\"target\":{\"@type\":\"EntryPoint\",\"urlTemplate\":\"https:\\\/\\\/upplevelsebolaget.com\\\/sv\\\/?s={search_term_string}\"},\"query-input\":{\"@type\":\"PropertyValueSpecification\",\"valueRequired\":true,\"valueName\":\"search_term_string\"}}],\"inLanguage\":\"sv-SE\"}]}<\/script>\n<!-- \/ Yoast SEO plugin. -->","yoast_head_json":{"title":"Bokningsvillkor - Upplevelsebolaget","robots":{"index":"index","follow":"follow","max-snippet":"max-snippet:-1","max-image-preview":"max-image-preview:large","max-video-preview":"max-video-preview:-1"},"canonical":"https:\/\/upplevelsebolaget.com\/sv\/bokningsvillkor\/","og_locale":"sv_SE","og_type":"article","og_title":"Bokningsvillkor - Upplevelsebolaget","og_description":"F\u00f6ljande bokningsvillkor f\u00f6r privatpersoner \u00e4r till\u00e4mpliga p\u00e5 alla v\u00e5ra kurser, guidade turer eller f\u00f6r aktiviteter p\u00e5 egen hand med hyrd utrustning. Bokning och betalning \u2022 Bokning av de flesta av v\u00e5ra aktiviteter sker online. De aktiviteter som inte \u00e4r bokningsbara online kan bokas via telefon eller e-post.\u2022 Bokning av alla v\u00e5ra arrangemang \u00e4r bindande, oavsett ... L\u00e4s mer","og_url":"https:\/\/upplevelsebolaget.com\/sv\/bokningsvillkor\/","og_site_name":"Upplevelsebolaget","article_modified_time":"2024-01-25T15:20:16+00:00","og_image":[{"width":2560,"height":1440,"url":"https:\/\/upplevelsebolaget.com\/wp-content\/uploads\/2020\/06\/seakayaking_westsweden_koster-1.jpg","type":"image\/jpeg"}],"twitter_card":"summary_large_image","twitter_misc":{"Ber\u00e4knad l\u00e4stid":"3 minuter"},"schema":{"@context":"https:\/\/schema.org","@graph":[{"@type":"WebPage","@id":"https:\/\/upplevelsebolaget.com\/sv\/bokningsvillkor\/","url":"https:\/\/upplevelsebolaget.com\/sv\/bokningsvillkor\/","name":"Bokningsvillkor - Upplevelsebolaget","isPartOf":{"@id":"https:\/\/upplevelsebolaget.com\/sv\/#website"},"primaryImageOfPage":{"@id":"https:\/\/upplevelsebolaget.com\/sv\/bokningsvillkor\/#primaryimage"},"image":{"@id":"https:\/\/upplevelsebolaget.com\/sv\/bokningsvillkor\/#primaryimage"},"thumbnailUrl":"https:\/\/upplevelsebolaget.com\/wp-content\/uploads\/2020\/06\/seakayaking_westsweden_koster-1.jpg","datePublished":"2020-05-04T11:02:21+00:00","dateModified":"2024-01-25T15:20:16+00:00","breadcrumb":{"@id":"https:\/\/upplevelsebolaget.com\/sv\/bokningsvillkor\/#breadcrumb"},"inLanguage":"sv-SE","potentialAction":[{"@type":"ReadAction","target":["https:\/\/upplevelsebolaget.com\/sv\/bokningsvillkor\/"]}]},{"@type":"ImageObject","inLanguage":"sv-SE","@id":"https:\/\/upplevelsebolaget.com\/sv\/bokningsvillkor\/#primaryimage","url":"https:\/\/upplevelsebolaget.com\/wp-content\/uploads\/2020\/06\/seakayaking_westsweden_koster-1.jpg","contentUrl":"https:\/\/upplevelsebolaget.com\/wp-content\/uploads\/2020\/06\/seakayaking_westsweden_koster-1.jpg","width":2560,"height":1440},{"@type":"BreadcrumbList","@id":"https:\/\/upplevelsebolaget.com\/sv\/bokningsvillkor\/#breadcrumb","itemListElement":[{"@type":"ListItem","position":1,"name":"Hem","item":"https:\/\/upplevelsebolaget.com\/sv\/hem\/"},{"@type":"ListItem","position":2,"name":"Bokningsvillkor"}]},{"@type":"WebSite","@id":"https:\/\/upplevelsebolaget.com\/sv\/#website","url":"https:\/\/upplevelsebolaget.com\/sv\/","name":"Upplevelsebolaget","description":"Outdoor Experiences in West Sweden and Beyond","potentialAction":[{"@type":"SearchAction","target":{"@type":"EntryPoint","urlTemplate":"https:\/\/upplevelsebolaget.com\/sv\/?s={search_term_string}"},"query-input":{"@type":"PropertyValueSpecification","valueRequired":true,"valueName":"search_term_string"}}],"inLanguage":"sv-SE"}]}},"_links":{"self":[{"href":"https:\/\/upplevelsebolaget.com\/sv\/wp-json\/wp\/v2\/pages\/5108","targetHints":{"allow":["GET"]}}],"collection":[{"href":"https:\/\/upplevelsebolaget.com\/sv\/wp-json\/wp\/v2\/pages"}],"about":[{"href":"https:\/\/upplevelsebolaget.com\/sv\/wp-json\/wp\/v2\/types\/page"}],"author":[{"embeddable":true,"href":"https:\/\/upplevelsebolaget.com\/sv\/wp-json\/wp\/v2\/users\/3"}],"replies":[{"embeddable":true,"href":"https:\/\/upplevelsebolaget.com\/sv\/wp-json\/wp\/v2\/comments?post=5108"}],"version-history":[{"count":5,"href":"https:\/\/upplevelsebolaget.com\/sv\/wp-json\/wp\/v2\/pages\/5108\/revisions"}],"predecessor-version":[{"id":8088,"href":"https:\/\/upplevelsebolaget.com\/sv\/wp-json\/wp\/v2\/pages\/5108\/revisions\/8088"}],"wp:featuredmedia":[{"embeddable":true,"href":"https:\/\/upplevelsebolaget.com\/sv\/wp-json\/wp\/v2\/media\/4351"}],"wp:attachment":[{"href":"https:\/\/upplevelsebolaget.com\/sv\/wp-json\/wp\/v2\/media?parent=5108"}],"curies":[{"name":"wp","href":"https:\/\/api.w.org\/{rel}","templated":true}]}}