{"id":5017,"date":"2020-11-17T13:31:44","date_gmt":"2020-11-17T12:31:44","guid":{"rendered":"https:\/\/upplevelsebolaget.com\/presentkort\/"},"modified":"2021-01-22T14:39:41","modified_gmt":"2021-01-22T13:39:41","slug":"presentkort","status":"publish","type":"page","link":"https:\/\/upplevelsebolaget.com\/sv\/presentkort\/","title":{"rendered":"Presentkort"},"content":{"rendered":"\n<p><strong>Ge bort en upplevelse eller \u00e4ventyr till n\u00e5gon du gillar genom att k\u00f6pa ett presentkort av Upplevelsebolaget. V\u00e4lj mellan att ge bort en specifik upplevelse som en kurs, en resa eller en guidad tur, eller v\u00e4lj ett valfritt belopp som kan anv\u00e4ndas i v\u00e5r butik eller aktivitetsutbud.<\/strong><\/p>\n\n<h3 class=\"wp-block-heading\">K\u00f6pa presentkort<\/h3>\n\n<p>Best\u00e4ll ett presentkort genom att e-posta f\u00f6ljande uppgifter till <a href=\"mailto:info@upplevelsebolaget.com\">info@upplevelsebolaget.com<\/a><\/p>\n\n<ul class=\"wp-block-list\"><li>Namn, adress, telefon och e-post till k\u00f6paren av presentkortet.<\/li><li>Namn och e-postadress till mottagaren av presentkortet.<\/li><\/ul>\n\n<p>Du betalar presentkortet via en faktura som skickas till din e-postadress. Du kan betala med kort direkt online, eller via plus- eller bankgiro. F\u00f6r milj\u00f6ns och tidseffektivitetens skull skickar vi sj\u00e4lva presentkortet i digital form (pdf) till din e-postadress. Du kan skriva ut och h\u00f6gtidligt \u00f6verr\u00e4cka presentkortet, eller maila det vidare till mottagaren. <strong>Vi skickar aldrig presentkortet digitalt direkt till mottagaren<\/strong>, om k\u00f6paren inte uttryckligen vill att vi ska g\u00f6ra det. N\u00e4r fakturan \u00e4r betald aktiveras presentkortet och det \u00e4r m\u00f6jligt f\u00f6r mottagaren att g\u00f6ra sin bokning. <\/p>\n\n<h3 class=\"wp-block-heading\">Anv\u00e4nda presentkort<\/h3>\n\n<p>V\u00e5ra presentkort \u00e4r giltiga ett \u00e5r fr\u00e5n utskriftsdatum. Inom den tiden beh\u00f6ver du boka din upplevelse. Observera att sj\u00e4lva upplevelsen kan \u00e4ga rum efter att giltighetstiden f\u00f6r presentkortet g\u00e5tt ut. Alla bokningsbara upplevelser bokas direkt online p\u00e5 v\u00e5r hemsida, med hj\u00e4lp av ditt presentkorts-id. Andra upplevelser, som inte \u00e4r bokningsbara online bokas via e-post till <a href=\"mailto:bokning@upplevelsebolaget.com\">bokning@upplevelsebolaget.com<\/a>. Ange f\u00f6ljande detaljer: <\/p>\n\n<ul class=\"wp-block-list\"><li>\u00d6nskad upplevelse, inklusive datum och antal deltagare.<\/li><li>Namn, adress, telefon och e-post till alla deltagare<\/li><li>Ditt presentkorts-id.<\/li><\/ul>\n\n<p>St\u00f6ter du p\u00e5 n\u00e5gra problem \u00e4r du v\u00e4lkommen att h\u00f6ra av dig. Vi ser fram emot att tr\u00e4ffa dig!<\/p>\n","protected":false},"excerpt":{"rendered":"<p>Ge bort en upplevelse eller \u00e4ventyr till n\u00e5gon du gillar genom att k\u00f6pa ett presentkort av Upplevelsebolaget. V\u00e4lj mellan att ge bort en specifik upplevelse som en kurs, en resa eller en guidad tur, eller v\u00e4lj ett valfritt belopp som kan anv\u00e4ndas i v\u00e5r butik eller aktivitetsutbud. K\u00f6pa presentkort Best\u00e4ll ett presentkort genom att e-posta &#8230; <a title=\"Presentkort\" class=\"read-more\" href=\"https:\/\/upplevelsebolaget.com\/sv\/presentkort\/\" aria-label=\"L\u00e4s mer om Presentkort\">L\u00e4s mer<\/a><\/p>\n","protected":false},"author":3,"featured_media":4471,"parent":0,"menu_order":0,"comment_status":"closed","ping_status":"closed","template":"","meta":{"_acf_changed":false,"generate_page_header":"","footnotes":""},"class_list":{"0":"post-5017","1":"page","2":"type-page","3":"status-publish","4":"has-post-thumbnail","6":"no-featured-image-padding"},"acf":[],"yoast_head":"<!-- This site is optimized with the Yoast SEO plugin v27.4 - https:\/\/yoast.com\/product\/yoast-seo-wordpress\/ -->\n<title>Presentkort - Upplevelsebolaget<\/title>\n<meta name=\"robots\" content=\"index, follow, max-snippet:-1, max-image-preview:large, max-video-preview:-1\" \/>\n<link rel=\"canonical\" href=\"https:\/\/upplevelsebolaget.com\/sv\/presentkort\/\" \/>\n<meta property=\"og:locale\" content=\"sv_SE\" \/>\n<meta property=\"og:type\" content=\"article\" \/>\n<meta property=\"og:title\" content=\"Presentkort - Upplevelsebolaget\" \/>\n<meta property=\"og:description\" content=\"Ge bort en upplevelse eller \u00e4ventyr till n\u00e5gon du gillar genom att k\u00f6pa ett presentkort av Upplevelsebolaget. V\u00e4lj mellan att ge bort en specifik upplevelse som en kurs, en resa eller en guidad tur, eller v\u00e4lj ett valfritt belopp som kan anv\u00e4ndas i v\u00e5r butik eller aktivitetsutbud. K\u00f6pa presentkort Best\u00e4ll ett presentkort genom att e-posta ... L\u00e4s mer\" \/>\n<meta property=\"og:url\" content=\"https:\/\/upplevelsebolaget.com\/sv\/presentkort\/\" \/>\n<meta property=\"og:site_name\" content=\"Upplevelsebolaget\" \/>\n<meta property=\"article:modified_time\" content=\"2021-01-22T13:39:41+00:00\" \/>\n<meta property=\"og:image\" content=\"https:\/\/upplevelsebolaget.com\/wp-content\/uploads\/2020\/07\/climbing_westsweden-22.jpg\" \/>\n\t<meta property=\"og:image:width\" content=\"2560\" \/>\n\t<meta property=\"og:image:height\" content=\"1440\" \/>\n\t<meta property=\"og:image:type\" content=\"image\/jpeg\" \/>\n<meta name=\"twitter:card\" content=\"summary_large_image\" \/>\n<meta name=\"twitter:label1\" content=\"Ber\u00e4knad l\u00e4stid\" \/>\n\t<meta name=\"twitter:data1\" content=\"1 minut\" \/>\n<script type=\"application\/ld+json\" class=\"yoast-schema-graph\">{\"@context\":\"https:\\\/\\\/schema.org\",\"@graph\":[{\"@type\":\"WebPage\",\"@id\":\"https:\\\/\\\/upplevelsebolaget.com\\\/sv\\\/presentkort\\\/\",\"url\":\"https:\\\/\\\/upplevelsebolaget.com\\\/sv\\\/presentkort\\\/\",\"name\":\"Presentkort - Upplevelsebolaget\",\"isPartOf\":{\"@id\":\"https:\\\/\\\/upplevelsebolaget.com\\\/sv\\\/#website\"},\"primaryImageOfPage\":{\"@id\":\"https:\\\/\\\/upplevelsebolaget.com\\\/sv\\\/presentkort\\\/#primaryimage\"},\"image\":{\"@id\":\"https:\\\/\\\/upplevelsebolaget.com\\\/sv\\\/presentkort\\\/#primaryimage\"},\"thumbnailUrl\":\"https:\\\/\\\/upplevelsebolaget.com\\\/wp-content\\\/uploads\\\/2020\\\/07\\\/climbing_westsweden-22.jpg\",\"datePublished\":\"2020-11-17T12:31:44+00:00\",\"dateModified\":\"2021-01-22T13:39:41+00:00\",\"breadcrumb\":{\"@id\":\"https:\\\/\\\/upplevelsebolaget.com\\\/sv\\\/presentkort\\\/#breadcrumb\"},\"inLanguage\":\"sv-SE\",\"potentialAction\":[{\"@type\":\"ReadAction\",\"target\":[\"https:\\\/\\\/upplevelsebolaget.com\\\/sv\\\/presentkort\\\/\"]}]},{\"@type\":\"ImageObject\",\"inLanguage\":\"sv-SE\",\"@id\":\"https:\\\/\\\/upplevelsebolaget.com\\\/sv\\\/presentkort\\\/#primaryimage\",\"url\":\"https:\\\/\\\/upplevelsebolaget.com\\\/wp-content\\\/uploads\\\/2020\\\/07\\\/climbing_westsweden-22.jpg\",\"contentUrl\":\"https:\\\/\\\/upplevelsebolaget.com\\\/wp-content\\\/uploads\\\/2020\\\/07\\\/climbing_westsweden-22.jpg\",\"width\":2560,\"height\":1440},{\"@type\":\"BreadcrumbList\",\"@id\":\"https:\\\/\\\/upplevelsebolaget.com\\\/sv\\\/presentkort\\\/#breadcrumb\",\"itemListElement\":[{\"@type\":\"ListItem\",\"position\":1,\"name\":\"Hem\",\"item\":\"https:\\\/\\\/upplevelsebolaget.com\\\/sv\\\/hem\\\/\"},{\"@type\":\"ListItem\",\"position\":2,\"name\":\"Presentkort\"}]},{\"@type\":\"WebSite\",\"@id\":\"https:\\\/\\\/upplevelsebolaget.com\\\/sv\\\/#website\",\"url\":\"https:\\\/\\\/upplevelsebolaget.com\\\/sv\\\/\",\"name\":\"Upplevelsebolaget\",\"description\":\"Outdoor Experiences in West Sweden and Beyond\",\"potentialAction\":[{\"@type\":\"SearchAction\",\"target\":{\"@type\":\"EntryPoint\",\"urlTemplate\":\"https:\\\/\\\/upplevelsebolaget.com\\\/sv\\\/?s={search_term_string}\"},\"query-input\":{\"@type\":\"PropertyValueSpecification\",\"valueRequired\":true,\"valueName\":\"search_term_string\"}}],\"inLanguage\":\"sv-SE\"}]}<\/script>\n<!-- \/ Yoast SEO plugin. -->","yoast_head_json":{"title":"Presentkort - Upplevelsebolaget","robots":{"index":"index","follow":"follow","max-snippet":"max-snippet:-1","max-image-preview":"max-image-preview:large","max-video-preview":"max-video-preview:-1"},"canonical":"https:\/\/upplevelsebolaget.com\/sv\/presentkort\/","og_locale":"sv_SE","og_type":"article","og_title":"Presentkort - Upplevelsebolaget","og_description":"Ge bort en upplevelse eller \u00e4ventyr till n\u00e5gon du gillar genom att k\u00f6pa ett presentkort av Upplevelsebolaget. V\u00e4lj mellan att ge bort en specifik upplevelse som en kurs, en resa eller en guidad tur, eller v\u00e4lj ett valfritt belopp som kan anv\u00e4ndas i v\u00e5r butik eller aktivitetsutbud. K\u00f6pa presentkort Best\u00e4ll ett presentkort genom att e-posta ... L\u00e4s mer","og_url":"https:\/\/upplevelsebolaget.com\/sv\/presentkort\/","og_site_name":"Upplevelsebolaget","article_modified_time":"2021-01-22T13:39:41+00:00","og_image":[{"width":2560,"height":1440,"url":"https:\/\/upplevelsebolaget.com\/wp-content\/uploads\/2020\/07\/climbing_westsweden-22.jpg","type":"image\/jpeg"}],"twitter_card":"summary_large_image","twitter_misc":{"Ber\u00e4knad l\u00e4stid":"1 minut"},"schema":{"@context":"https:\/\/schema.org","@graph":[{"@type":"WebPage","@id":"https:\/\/upplevelsebolaget.com\/sv\/presentkort\/","url":"https:\/\/upplevelsebolaget.com\/sv\/presentkort\/","name":"Presentkort - Upplevelsebolaget","isPartOf":{"@id":"https:\/\/upplevelsebolaget.com\/sv\/#website"},"primaryImageOfPage":{"@id":"https:\/\/upplevelsebolaget.com\/sv\/presentkort\/#primaryimage"},"image":{"@id":"https:\/\/upplevelsebolaget.com\/sv\/presentkort\/#primaryimage"},"thumbnailUrl":"https:\/\/upplevelsebolaget.com\/wp-content\/uploads\/2020\/07\/climbing_westsweden-22.jpg","datePublished":"2020-11-17T12:31:44+00:00","dateModified":"2021-01-22T13:39:41+00:00","breadcrumb":{"@id":"https:\/\/upplevelsebolaget.com\/sv\/presentkort\/#breadcrumb"},"inLanguage":"sv-SE","potentialAction":[{"@type":"ReadAction","target":["https:\/\/upplevelsebolaget.com\/sv\/presentkort\/"]}]},{"@type":"ImageObject","inLanguage":"sv-SE","@id":"https:\/\/upplevelsebolaget.com\/sv\/presentkort\/#primaryimage","url":"https:\/\/upplevelsebolaget.com\/wp-content\/uploads\/2020\/07\/climbing_westsweden-22.jpg","contentUrl":"https:\/\/upplevelsebolaget.com\/wp-content\/uploads\/2020\/07\/climbing_westsweden-22.jpg","width":2560,"height":1440},{"@type":"BreadcrumbList","@id":"https:\/\/upplevelsebolaget.com\/sv\/presentkort\/#breadcrumb","itemListElement":[{"@type":"ListItem","position":1,"name":"Hem","item":"https:\/\/upplevelsebolaget.com\/sv\/hem\/"},{"@type":"ListItem","position":2,"name":"Presentkort"}]},{"@type":"WebSite","@id":"https:\/\/upplevelsebolaget.com\/sv\/#website","url":"https:\/\/upplevelsebolaget.com\/sv\/","name":"Upplevelsebolaget","description":"Outdoor Experiences in West Sweden and Beyond","potentialAction":[{"@type":"SearchAction","target":{"@type":"EntryPoint","urlTemplate":"https:\/\/upplevelsebolaget.com\/sv\/?s={search_term_string}"},"query-input":{"@type":"PropertyValueSpecification","valueRequired":true,"valueName":"search_term_string"}}],"inLanguage":"sv-SE"}]}},"_links":{"self":[{"href":"https:\/\/upplevelsebolaget.com\/sv\/wp-json\/wp\/v2\/pages\/5017","targetHints":{"allow":["GET"]}}],"collection":[{"href":"https:\/\/upplevelsebolaget.com\/sv\/wp-json\/wp\/v2\/pages"}],"about":[{"href":"https:\/\/upplevelsebolaget.com\/sv\/wp-json\/wp\/v2\/types\/page"}],"author":[{"embeddable":true,"href":"https:\/\/upplevelsebolaget.com\/sv\/wp-json\/wp\/v2\/users\/3"}],"replies":[{"embeddable":true,"href":"https:\/\/upplevelsebolaget.com\/sv\/wp-json\/wp\/v2\/comments?post=5017"}],"version-history":[{"count":3,"href":"https:\/\/upplevelsebolaget.com\/sv\/wp-json\/wp\/v2\/pages\/5017\/revisions"}],"predecessor-version":[{"id":5479,"href":"https:\/\/upplevelsebolaget.com\/sv\/wp-json\/wp\/v2\/pages\/5017\/revisions\/5479"}],"wp:featuredmedia":[{"embeddable":true,"href":"https:\/\/upplevelsebolaget.com\/sv\/wp-json\/wp\/v2\/media\/4471"}],"wp:attachment":[{"href":"https:\/\/upplevelsebolaget.com\/sv\/wp-json\/wp\/v2\/media?parent=5017"}],"curies":[{"name":"wp","href":"https:\/\/api.w.org\/{rel}","templated":true}]}}