{"id":4742,"date":"2020-05-14T22:28:39","date_gmt":"2020-05-14T20:28:39","guid":{"rendered":"https:\/\/upplevelsebolaget.com\/jippi-aventyret-ar-pa-vag\/"},"modified":"2021-01-22T14:56:19","modified_gmt":"2021-01-22T13:56:19","slug":"jippi-aventyret-ar-pa-vag","status":"publish","type":"page","link":"https:\/\/upplevelsebolaget.com\/sv\/jippi-aventyret-ar-pa-vag\/","title":{"rendered":"Yippie, \u00e4ventyr p\u00e5 g\u00e5ng!"},"content":{"rendered":"\n<p>Tack f\u00f6r att du har bokat med oss. Vi kommer att g\u00f6ra v\u00e5rt yttersta f\u00f6r att g\u00f6ra din upplevelse of\u00f6rgl\u00f6mlig. Vi \u00e4r barnsligt entusiastiska n\u00e4r det handlar om \u00e4ventyr utomhus och hoppas att du kommer att tycka att det \u00e4r lika fantastiskt som vi g\u00f6r. H\u00e4r kommer lite information som vi hoppas hj\u00e4lper dig att planera din upplevelse. <\/p>\n\n<h3 class=\"wp-block-heading\">Vad h\u00e4nder nu? <\/h3>\n\n<p>Vi f\u00f6rst\u00e5r att du redan skulle vilja vara p\u00e5 v\u00e4g. Men t\u00e5lamod \u00e4r en bra sak. Dagarna innan julafton g\u00f6r paket\u00f6ppningen s\u00e5 mycket b\u00e4ttre, eller hur? Och eftersom du har bokat ett Sj\u00e4lvguidat \u00e4ventyr \u00e4r det n\u00e5gra f\u00e5 steg kvar.<\/p>\n\n<ul class=\"wp-block-list\"><li>Vi beh\u00f6ver f\u00f6rs\u00e4kra oss om tillg\u00e4ngligheten f\u00f6r din bokning, och \u00e5terkommer med en bekr\u00e4ftelse s\u00e5 snart som m\u00f6jligt.<\/li><li>Om vi inte har tillg\u00e4nglighet f\u00f6r din bokning h\u00f6r vi av oss och kollar andra m\u00f6jliga alternativ med dig.<\/li><li>N\u00e4r tillg\u00e4ngligheten f\u00f6r ditt \u00e4ventyr \u00e4r bekr\u00e4ftat kommer en faktura skickas i ett separat mejl.<\/li><li>Din bokning blir definitiv s\u00e5 fort din betalning har n\u00e5tt oss. Sen \u00e4r det bara att packa.<\/li><\/ul>\n\n<h3 class=\"wp-block-heading\">Information f\u00f6re aktivitet<\/h3>\n\n<p>Alla n\u00f6dv\u00e4ndiga detaljer g\u00e4llande ditt kommande \u00e4ventyr hittar du p\u00e5 produktsidan du just kom ifr\u00e5n. Surfa tillbaka till <a rel=\"noreferrer noopener\" href=\"https:\/\/upplevelsebolaget.com\/sv\/produktkategori\/produkt\/paddling\/sjalvguidade-turer\/\" target=\"_blank\">Sj\u00e4lvguidade turer<\/a><a href=\"https:\/\/upplevelsebolaget.com\/sv\/produktkategori\/produkt\/paddling\/sjalvguidade-turer\/\"> <\/a>och kolla detaljerna igen, om du vill. Missa inte att klicka p\u00e5 fliken &#8221;mer information&#8221;. Om du k\u00e4nner att vi har missat att informera om n\u00e5got, s\u00e5 tveka inte att mejla eller ringa oss. Vi vill verkligen att du \u00e4r v\u00e4l f\u00f6rberedd och k\u00e4nner dig v\u00e4ldigt v\u00e4lkommen.<\/p>\n\n<h3 class=\"wp-block-heading\">Tillval<\/h3>\n\n<p>K\u00e4nner du att det \u00e4r n\u00e5got du skulle vilja addera, n\u00e4r du planerar turen, som du inte t\u00e4nkte p\u00e5 n\u00e4r du gjorde bokningen? Inga problem, du kan g\u00f6ra det senare. Skicka oss ett mejl och ber\u00e4tta vad du beh\u00f6ver s\u00e5 adderar vi det till din bokning. Du kanske vill resa l\u00e4tt och hyra din campingutrustning fr\u00e5n oss, eller du kanske vill k\u00e4nna dig mer avslappnad och s\u00e4ker p\u00e5 din tur genom att starta med en grund- eller, forts\u00e4ttningskurs? Eller kanske ta en privatlektion innan du ger dig av. Smarta, praktiska och anv\u00e4ndbara tillval \u00e4r: <\/p>\n\n<ul class=\"wp-block-list\"><li>Campingpaket som inkluderar t\u00e4lt, liggunderlag, campingstol, k\u00f6k och gas, m\u00e5ltidskit (tallrikar, mugg, liten sk\u00e4rbr\u00e4da och spork) och en spade. T\u00e4lt och friluftsk\u00f6k delas ut ett per tv\u00e5 personer.<\/li><li>Hyra sovs\u00e4ck. V\u00e4nligen notera att sovs\u00e4ck inte ing\u00e5r som standard i v\u00e5rt campingpaket.<\/li><li><a rel=\"noreferrer noopener\" href=\"https:\/\/upplevelsebolaget.com\/sv\/produkt\/stiltje-grundkurs\/\" target=\"_blank\">Stiltje<\/a> &#8211; heldags grundkurs, motsvarande EPP gul+ niv\u00e5.<\/li><li><a rel=\"noreferrer noopener\" href=\"https:\/\/upplevelsebolaget.com\/sv\/produkt\/krusning-fortsattningskurs\/\" target=\"_blank\">Krusning<\/a> &#8211; forts\u00e4ttningskurs i kajakpaddling, motsvarande gr\u00f6n EPP niv\u00e5.<\/li><li>Privatlektion. Tv\u00e5 timmars skr\u00e4ddarsydd privat kajakcoachning f\u00f6r att passa just dina behov.<\/li><\/ul>\n\n<h3 class=\"wp-block-heading\">Hitta till oss<\/h3>\n\n<p>Du hittar oss enkelt. Fr\u00e5n G\u00f6teborg till Uddevalla och vidare till v\u00e5rt center reser du med buss, t\u00e5g eller bil p\u00e5 c:a en timma. Fr\u00e5n Oslo n\u00e5r du Uddevalla l\u00e4ttast med buss eller bil p\u00e5 ca 2,5 &#8211; 3 timmar. Du hittar karta och v\u00e4gbeskrivning till v\u00e5rt center, UpplevelseLadan, p\u00e5 <a rel=\"noreferrer noopener\" href=\"https:\/\/upplevelsebolaget.com\/sv\/hur-du-hittar-oss\/\" target=\"_blank\">f\u00f6ljande l\u00e4nk.<\/a> <\/p>\n\n<h3 class=\"wp-block-heading\">Stanna l\u00e4ngre<\/h3>\n\n<p>Om du beh\u00f6ver boende f\u00f6r en natt eller tv\u00e5 f\u00f6re och \/ eller efter din tur rekommenderar vi det historiska och supercharmiga <a rel=\"noreferrer noopener\" href=\"http:\/\/www.gustafsberg.se\" target=\"_blank\">Gustafsberg Badhotell &amp; Vandrarhem<\/a>, bara 200 meter fr\u00e5n v\u00e5rt center bel\u00e4get i en undebar milj\u00f6, i Sveriges f\u00f6rsta badort, Gustafsberg. <\/p>\n\n<h3 class=\"wp-block-heading\">V\u00e4lkommen!<\/h3>\n\n<p>Fram till vi ses stryker vi fleecetr\u00f6jorna, polerar utrustningen och dansar soldansen. Vi ser fram emot att tr\u00e4ffa dig. <\/p>\n\n<p>Alla p\u00e5 Upplevelsebolaget<\/p>\n\n<p><\/p>\n","protected":false},"excerpt":{"rendered":"<p>Tack f\u00f6r att du har bokat med oss. Vi kommer att g\u00f6ra v\u00e5rt yttersta f\u00f6r att g\u00f6ra din upplevelse of\u00f6rgl\u00f6mlig. Vi \u00e4r barnsligt entusiastiska n\u00e4r det handlar om \u00e4ventyr utomhus och hoppas att du kommer att tycka att det \u00e4r lika fantastiskt som vi g\u00f6r. H\u00e4r kommer lite information som vi hoppas hj\u00e4lper dig att &#8230; <a title=\"Yippie, \u00e4ventyr p\u00e5 g\u00e5ng!\" class=\"read-more\" href=\"https:\/\/upplevelsebolaget.com\/sv\/jippi-aventyret-ar-pa-vag\/\" aria-label=\"L\u00e4s mer om Yippie, \u00e4ventyr p\u00e5 g\u00e5ng!\">L\u00e4s mer<\/a><\/p>\n","protected":false},"author":3,"featured_media":4140,"parent":0,"menu_order":0,"comment_status":"closed","ping_status":"closed","template":"","meta":{"_acf_changed":false,"generate_page_header":"","footnotes":""},"class_list":{"0":"post-4742","1":"page","2":"type-page","3":"status-publish","4":"has-post-thumbnail","6":"no-featured-image-padding"},"acf":[],"yoast_head":"<!-- This site is optimized with the Yoast SEO plugin v27.5 - https:\/\/yoast.com\/product\/yoast-seo-wordpress\/ -->\n<title>Yippie, \u00e4ventyr p\u00e5 g\u00e5ng! - Upplevelsebolaget<\/title>\n<meta name=\"robots\" content=\"index, follow, max-snippet:-1, max-image-preview:large, max-video-preview:-1\" \/>\n<link rel=\"canonical\" href=\"https:\/\/upplevelsebolaget.com\/sv\/jippi-aventyret-ar-pa-vag\/\" \/>\n<meta property=\"og:locale\" content=\"sv_SE\" \/>\n<meta property=\"og:type\" content=\"article\" \/>\n<meta property=\"og:title\" content=\"Yippie, \u00e4ventyr p\u00e5 g\u00e5ng! - Upplevelsebolaget\" \/>\n<meta property=\"og:description\" content=\"Tack f\u00f6r att du har bokat med oss. Vi kommer att g\u00f6ra v\u00e5rt yttersta f\u00f6r att g\u00f6ra din upplevelse of\u00f6rgl\u00f6mlig. Vi \u00e4r barnsligt entusiastiska n\u00e4r det handlar om \u00e4ventyr utomhus och hoppas att du kommer att tycka att det \u00e4r lika fantastiskt som vi g\u00f6r. H\u00e4r kommer lite information som vi hoppas hj\u00e4lper dig att ... L\u00e4s mer\" \/>\n<meta property=\"og:url\" content=\"https:\/\/upplevelsebolaget.com\/sv\/jippi-aventyret-ar-pa-vag\/\" \/>\n<meta property=\"og:site_name\" content=\"Upplevelsebolaget\" \/>\n<meta property=\"article:modified_time\" content=\"2021-01-22T13:56:19+00:00\" \/>\n<meta property=\"og:image\" content=\"https:\/\/upplevelsebolaget.com\/wp-content\/uploads\/2018\/11\/kayaking_westsweden_vaderoarna-013.jpg\" \/>\n\t<meta property=\"og:image:width\" content=\"2560\" \/>\n\t<meta property=\"og:image:height\" content=\"1439\" \/>\n\t<meta property=\"og:image:type\" content=\"image\/jpeg\" \/>\n<meta name=\"twitter:card\" content=\"summary_large_image\" \/>\n<meta name=\"twitter:label1\" content=\"Ber\u00e4knad l\u00e4stid\" \/>\n\t<meta name=\"twitter:data1\" content=\"3 minuter\" \/>\n<script type=\"application\/ld+json\" class=\"yoast-schema-graph\">{\"@context\":\"https:\\\/\\\/schema.org\",\"@graph\":[{\"@type\":\"WebPage\",\"@id\":\"https:\\\/\\\/upplevelsebolaget.com\\\/sv\\\/jippi-aventyret-ar-pa-vag\\\/\",\"url\":\"https:\\\/\\\/upplevelsebolaget.com\\\/sv\\\/jippi-aventyret-ar-pa-vag\\\/\",\"name\":\"Yippie, \u00e4ventyr p\u00e5 g\u00e5ng! - Upplevelsebolaget\",\"isPartOf\":{\"@id\":\"https:\\\/\\\/upplevelsebolaget.com\\\/sv\\\/#website\"},\"primaryImageOfPage\":{\"@id\":\"https:\\\/\\\/upplevelsebolaget.com\\\/sv\\\/jippi-aventyret-ar-pa-vag\\\/#primaryimage\"},\"image\":{\"@id\":\"https:\\\/\\\/upplevelsebolaget.com\\\/sv\\\/jippi-aventyret-ar-pa-vag\\\/#primaryimage\"},\"thumbnailUrl\":\"https:\\\/\\\/upplevelsebolaget.com\\\/wp-content\\\/uploads\\\/2018\\\/11\\\/kayaking_westsweden_vaderoarna-013.jpg\",\"datePublished\":\"2020-05-14T20:28:39+00:00\",\"dateModified\":\"2021-01-22T13:56:19+00:00\",\"breadcrumb\":{\"@id\":\"https:\\\/\\\/upplevelsebolaget.com\\\/sv\\\/jippi-aventyret-ar-pa-vag\\\/#breadcrumb\"},\"inLanguage\":\"sv-SE\",\"potentialAction\":[{\"@type\":\"ReadAction\",\"target\":[\"https:\\\/\\\/upplevelsebolaget.com\\\/sv\\\/jippi-aventyret-ar-pa-vag\\\/\"]}]},{\"@type\":\"ImageObject\",\"inLanguage\":\"sv-SE\",\"@id\":\"https:\\\/\\\/upplevelsebolaget.com\\\/sv\\\/jippi-aventyret-ar-pa-vag\\\/#primaryimage\",\"url\":\"https:\\\/\\\/upplevelsebolaget.com\\\/wp-content\\\/uploads\\\/2018\\\/11\\\/kayaking_westsweden_vaderoarna-013.jpg\",\"contentUrl\":\"https:\\\/\\\/upplevelsebolaget.com\\\/wp-content\\\/uploads\\\/2018\\\/11\\\/kayaking_westsweden_vaderoarna-013.jpg\",\"width\":2560,\"height\":1439},{\"@type\":\"BreadcrumbList\",\"@id\":\"https:\\\/\\\/upplevelsebolaget.com\\\/sv\\\/jippi-aventyret-ar-pa-vag\\\/#breadcrumb\",\"itemListElement\":[{\"@type\":\"ListItem\",\"position\":1,\"name\":\"Hem\",\"item\":\"https:\\\/\\\/upplevelsebolaget.com\\\/sv\\\/hem\\\/\"},{\"@type\":\"ListItem\",\"position\":2,\"name\":\"Yippie, \u00e4ventyr p\u00e5 g\u00e5ng!\"}]},{\"@type\":\"WebSite\",\"@id\":\"https:\\\/\\\/upplevelsebolaget.com\\\/sv\\\/#website\",\"url\":\"https:\\\/\\\/upplevelsebolaget.com\\\/sv\\\/\",\"name\":\"Upplevelsebolaget\",\"description\":\"Outdoor Experiences in West Sweden and Beyond\",\"potentialAction\":[{\"@type\":\"SearchAction\",\"target\":{\"@type\":\"EntryPoint\",\"urlTemplate\":\"https:\\\/\\\/upplevelsebolaget.com\\\/sv\\\/?s={search_term_string}\"},\"query-input\":{\"@type\":\"PropertyValueSpecification\",\"valueRequired\":true,\"valueName\":\"search_term_string\"}}],\"inLanguage\":\"sv-SE\"}]}<\/script>\n<!-- \/ Yoast SEO plugin. -->","yoast_head_json":{"title":"Yippie, \u00e4ventyr p\u00e5 g\u00e5ng! - Upplevelsebolaget","robots":{"index":"index","follow":"follow","max-snippet":"max-snippet:-1","max-image-preview":"max-image-preview:large","max-video-preview":"max-video-preview:-1"},"canonical":"https:\/\/upplevelsebolaget.com\/sv\/jippi-aventyret-ar-pa-vag\/","og_locale":"sv_SE","og_type":"article","og_title":"Yippie, \u00e4ventyr p\u00e5 g\u00e5ng! - Upplevelsebolaget","og_description":"Tack f\u00f6r att du har bokat med oss. Vi kommer att g\u00f6ra v\u00e5rt yttersta f\u00f6r att g\u00f6ra din upplevelse of\u00f6rgl\u00f6mlig. Vi \u00e4r barnsligt entusiastiska n\u00e4r det handlar om \u00e4ventyr utomhus och hoppas att du kommer att tycka att det \u00e4r lika fantastiskt som vi g\u00f6r. H\u00e4r kommer lite information som vi hoppas hj\u00e4lper dig att ... L\u00e4s mer","og_url":"https:\/\/upplevelsebolaget.com\/sv\/jippi-aventyret-ar-pa-vag\/","og_site_name":"Upplevelsebolaget","article_modified_time":"2021-01-22T13:56:19+00:00","og_image":[{"width":2560,"height":1439,"url":"https:\/\/upplevelsebolaget.com\/wp-content\/uploads\/2018\/11\/kayaking_westsweden_vaderoarna-013.jpg","type":"image\/jpeg"}],"twitter_card":"summary_large_image","twitter_misc":{"Ber\u00e4knad l\u00e4stid":"3 minuter"},"schema":{"@context":"https:\/\/schema.org","@graph":[{"@type":"WebPage","@id":"https:\/\/upplevelsebolaget.com\/sv\/jippi-aventyret-ar-pa-vag\/","url":"https:\/\/upplevelsebolaget.com\/sv\/jippi-aventyret-ar-pa-vag\/","name":"Yippie, \u00e4ventyr p\u00e5 g\u00e5ng! - Upplevelsebolaget","isPartOf":{"@id":"https:\/\/upplevelsebolaget.com\/sv\/#website"},"primaryImageOfPage":{"@id":"https:\/\/upplevelsebolaget.com\/sv\/jippi-aventyret-ar-pa-vag\/#primaryimage"},"image":{"@id":"https:\/\/upplevelsebolaget.com\/sv\/jippi-aventyret-ar-pa-vag\/#primaryimage"},"thumbnailUrl":"https:\/\/upplevelsebolaget.com\/wp-content\/uploads\/2018\/11\/kayaking_westsweden_vaderoarna-013.jpg","datePublished":"2020-05-14T20:28:39+00:00","dateModified":"2021-01-22T13:56:19+00:00","breadcrumb":{"@id":"https:\/\/upplevelsebolaget.com\/sv\/jippi-aventyret-ar-pa-vag\/#breadcrumb"},"inLanguage":"sv-SE","potentialAction":[{"@type":"ReadAction","target":["https:\/\/upplevelsebolaget.com\/sv\/jippi-aventyret-ar-pa-vag\/"]}]},{"@type":"ImageObject","inLanguage":"sv-SE","@id":"https:\/\/upplevelsebolaget.com\/sv\/jippi-aventyret-ar-pa-vag\/#primaryimage","url":"https:\/\/upplevelsebolaget.com\/wp-content\/uploads\/2018\/11\/kayaking_westsweden_vaderoarna-013.jpg","contentUrl":"https:\/\/upplevelsebolaget.com\/wp-content\/uploads\/2018\/11\/kayaking_westsweden_vaderoarna-013.jpg","width":2560,"height":1439},{"@type":"BreadcrumbList","@id":"https:\/\/upplevelsebolaget.com\/sv\/jippi-aventyret-ar-pa-vag\/#breadcrumb","itemListElement":[{"@type":"ListItem","position":1,"name":"Hem","item":"https:\/\/upplevelsebolaget.com\/sv\/hem\/"},{"@type":"ListItem","position":2,"name":"Yippie, \u00e4ventyr p\u00e5 g\u00e5ng!"}]},{"@type":"WebSite","@id":"https:\/\/upplevelsebolaget.com\/sv\/#website","url":"https:\/\/upplevelsebolaget.com\/sv\/","name":"Upplevelsebolaget","description":"Outdoor Experiences in West Sweden and Beyond","potentialAction":[{"@type":"SearchAction","target":{"@type":"EntryPoint","urlTemplate":"https:\/\/upplevelsebolaget.com\/sv\/?s={search_term_string}"},"query-input":{"@type":"PropertyValueSpecification","valueRequired":true,"valueName":"search_term_string"}}],"inLanguage":"sv-SE"}]}},"_links":{"self":[{"href":"https:\/\/upplevelsebolaget.com\/sv\/wp-json\/wp\/v2\/pages\/4742","targetHints":{"allow":["GET"]}}],"collection":[{"href":"https:\/\/upplevelsebolaget.com\/sv\/wp-json\/wp\/v2\/pages"}],"about":[{"href":"https:\/\/upplevelsebolaget.com\/sv\/wp-json\/wp\/v2\/types\/page"}],"author":[{"embeddable":true,"href":"https:\/\/upplevelsebolaget.com\/sv\/wp-json\/wp\/v2\/users\/3"}],"replies":[{"embeddable":true,"href":"https:\/\/upplevelsebolaget.com\/sv\/wp-json\/wp\/v2\/comments?post=4742"}],"version-history":[{"count":5,"href":"https:\/\/upplevelsebolaget.com\/sv\/wp-json\/wp\/v2\/pages\/4742\/revisions"}],"predecessor-version":[{"id":5512,"href":"https:\/\/upplevelsebolaget.com\/sv\/wp-json\/wp\/v2\/pages\/4742\/revisions\/5512"}],"wp:featuredmedia":[{"embeddable":true,"href":"https:\/\/upplevelsebolaget.com\/sv\/wp-json\/wp\/v2\/media\/4140"}],"wp:attachment":[{"href":"https:\/\/upplevelsebolaget.com\/sv\/wp-json\/wp\/v2\/media?parent=4742"}],"curies":[{"name":"wp","href":"https:\/\/api.w.org\/{rel}","templated":true}]}}