{"id":4517,"date":"2020-06-16T23:45:25","date_gmt":"2020-06-16T21:45:25","guid":{"rendered":"https:\/\/upplevelsebolaget.com\/jippi-aventyret-ar-pa-ingang\/"},"modified":"2021-01-22T14:54:37","modified_gmt":"2021-01-22T13:54:37","slug":"jippi-aventyret-ar-pa-ingang","status":"publish","type":"page","link":"https:\/\/upplevelsebolaget.com\/sv\/jippi-aventyret-ar-pa-ingang\/","title":{"rendered":"Jippi, \u00e4ventyr p\u00e5 g\u00e5ng!"},"content":{"rendered":"\n<p><strong>Tack f\u00f6r att du har bokat med oss. Vi kommer att g\u00f6ra v\u00e5rt yttersta f\u00f6r att g\u00f6ra din upplevelse of\u00f6rgl\u00f6mlig. Vi \u00e4r barnsligt entusiastiska n\u00e4r det handlar om \u00e4ventyr utomhus och hoppas att du kommer att tycka att det \u00e4r lika fantastiskt som vi g\u00f6r. H\u00e4r kommer lite information som vi hoppas hj\u00e4lper dig att planera din upplevelse.<\/strong><\/p>\n\n<h3 class=\"wp-block-heading\">Vad h\u00e4nder nu?<\/h3>\n\n<p>Vi f\u00f6rst\u00e5r att du \u00f6nskar att du var p\u00e5 v\u00e4g redan. Men t\u00e5lamod \u00e4r en bra sak. Dagarna innan julafton g\u00f6r paket\u00f6ppningen s\u00e5 mycket b\u00e4ttre, eller hur? Och eftersom du bokat en kajakuthyrning \u00e4r det fortfarande n\u00e5gra sm\u00e5 steg kvar.<\/p>\n\n<ul class=\"wp-block-list\"><li>Vi beh\u00f6ver f\u00f6rs\u00e4kra oss om tillg\u00e4ngligheten f\u00f6r din bokning, och \u00e5terkommer med en bekr\u00e4ftelse s\u00e5 snart som m\u00f6jligt.<\/li><li>Om vi inte har tillg\u00e4nglighet f\u00f6r din bokning h\u00f6r vi av oss och kollar andra m\u00f6jliga alternativ med dig.<\/li><li>N\u00e4r tillg\u00e4ngligheten f\u00f6r din bokning \u00e4r bekr\u00e4ftad skickar vi en faktura i separat mejl.<\/li><li>Din bokning blir definitiv s\u00e5 fort din betalning har n\u00e5tt oss. Sen \u00e4r det bara att packa.<\/li><\/ul>\n\n<h3 class=\"wp-block-heading\">Information f\u00f6re aktivitet<\/h3>\n\n<p>All n\u00f6dv\u00e4ndig information ang\u00e5ende hyran av din kajak finns p\u00e5 produktsidan som du just kom ifr\u00e5n. Surfa tillbaka till sidan <a href=\"https:\/\/upplevelsebolaget.com\/sv\/kajakuthyrning\/\" target=\"_blank\" rel=\"noreferrer noopener\">Kajakuthyrning<\/a><a rel=\"noreferrer noopener\" href=\"https:\/\/upplevelsebolaget.com\/sv\/produktkategori\/produkt\/paddling\/sjalvguidade-turer\/\" target=\"_blank\"> <\/a>igen och kolla detaljerna, om du vill. Om du k\u00e4nner att vi har missat att informera om n\u00e5got, tveka inte att mejla eller ringa oss. Vi vill verkligen att du \u00e4r v\u00e4l f\u00f6rberedd och k\u00e4nner dig v\u00e4ldigt v\u00e4lkommen.<\/p>\n\n<p>V\u00e4nligen notera att tiderna f\u00f6r uthyrningen \u00e4r fasta. Du h\u00e4mtar din utrustning mellan 09.00-10.00 och \u00e5terl\u00e4mnar den igen mellan 16.00-17.00. Andra tider kan eventuellt ordnas efter \u00f6verrenskommelse. <\/p>\n\n<h3 class=\"wp-block-heading\">Utrustning<\/h3>\n\n<p>I hyran av din kajak ing\u00e5r alltid paddel, sittbrunnskapell, flytv\u00e4st och svamp. <\/p>\n\n<h3 class=\"wp-block-heading\">Hitta till oss<\/h3>\n\n<p>Du hittar oss enkelt. Fr\u00e5n G\u00f6teborg kommer du till Uddevalla med buss, t\u00e5g eller bil p\u00e5 ungef\u00e4r en timma. Fr\u00e5n centrum finns det flera s\u00e4tt att komma till v\u00e5rt center, bel\u00e4get p\u00e5 s\u00f6dra sidan av fjorden, c:a 4 km fr\u00e5n stan. Fr\u00e5n Oslo n\u00e5r du Uddevalla l\u00e4ttast med buss eller bil p\u00e5 ca 2,5 &#8211; 3 timmar. Du hittar karta och v\u00e4gbeskrivning till v\u00e5rt center, UpplevelseLadan p\u00e5 Gustafsberg, via <a rel=\"noreferrer noopener\" href=\"https:\/\/upplevelsebolaget.com\/sv\/hur-du-hittar-oss\/\" target=\"_blank\">f\u00f6ljande l\u00e4nk.<\/a><\/p>\n\n<h3 class=\"wp-block-heading\">Stanna l\u00e4ngre<\/h3>\n\n<p>Om du beh\u00f6ver boende f\u00f6r en natt eller tv\u00e5 f\u00f6re och \/ eller efter din kajaktur rekommenderar vi verkligen det historiska och supercharmiga <a rel=\"noreferrer noopener\" href=\"http:\/\/www.gustafsberg.se\" target=\"_blank\">Gustafsberg Badhotell &amp; Vandrarhem<\/a> bara 200 meter fr\u00e5n v\u00e5rt center, i en underbar milj\u00f6 vid Sveriges f\u00f6rsta badort, Gustafsberg.<\/p>\n\n<h3 class=\"wp-block-heading\">V\u00e4lkommen!<\/h3>\n\n<p>Fram till vi ses stryker vi fleecetr\u00f6jorna, polerar utrustningen och dansar soldansen. Vi ser fram emot att tr\u00e4ffa dig.<\/p>\n\n<p>Alla p\u00e5 Upplevelsebolaget<\/p>\n","protected":false},"excerpt":{"rendered":"<p>Tack f\u00f6r att du har bokat med oss. Vi kommer att g\u00f6ra v\u00e5rt yttersta f\u00f6r att g\u00f6ra din upplevelse of\u00f6rgl\u00f6mlig. Vi \u00e4r barnsligt entusiastiska n\u00e4r det handlar om \u00e4ventyr utomhus och hoppas att du kommer att tycka att det \u00e4r lika fantastiskt som vi g\u00f6r. H\u00e4r kommer lite information som vi hoppas hj\u00e4lper dig att &#8230; <a title=\"Jippi, \u00e4ventyr p\u00e5 g\u00e5ng!\" class=\"read-more\" href=\"https:\/\/upplevelsebolaget.com\/sv\/jippi-aventyret-ar-pa-ingang\/\" aria-label=\"L\u00e4s mer om Jippi, \u00e4ventyr p\u00e5 g\u00e5ng!\">L\u00e4s mer<\/a><\/p>\n","protected":false},"author":3,"featured_media":4109,"parent":0,"menu_order":0,"comment_status":"closed","ping_status":"closed","template":"","meta":{"_acf_changed":false,"generate_page_header":"","footnotes":""},"class_list":{"0":"post-4517","1":"page","2":"type-page","3":"status-publish","4":"has-post-thumbnail","6":"no-featured-image-padding"},"acf":[],"yoast_head":"<!-- This site is optimized with the Yoast SEO plugin v27.4 - https:\/\/yoast.com\/product\/yoast-seo-wordpress\/ -->\n<title>Jippi, \u00e4ventyr p\u00e5 g\u00e5ng! - Upplevelsebolaget<\/title>\n<meta name=\"robots\" content=\"index, follow, max-snippet:-1, max-image-preview:large, max-video-preview:-1\" \/>\n<link rel=\"canonical\" href=\"https:\/\/upplevelsebolaget.com\/sv\/jippi-aventyret-ar-pa-ingang\/\" \/>\n<meta property=\"og:locale\" content=\"sv_SE\" \/>\n<meta property=\"og:type\" content=\"article\" \/>\n<meta property=\"og:title\" content=\"Jippi, \u00e4ventyr p\u00e5 g\u00e5ng! - Upplevelsebolaget\" \/>\n<meta property=\"og:description\" content=\"Tack f\u00f6r att du har bokat med oss. Vi kommer att g\u00f6ra v\u00e5rt yttersta f\u00f6r att g\u00f6ra din upplevelse of\u00f6rgl\u00f6mlig. Vi \u00e4r barnsligt entusiastiska n\u00e4r det handlar om \u00e4ventyr utomhus och hoppas att du kommer att tycka att det \u00e4r lika fantastiskt som vi g\u00f6r. H\u00e4r kommer lite information som vi hoppas hj\u00e4lper dig att ... L\u00e4s mer\" \/>\n<meta property=\"og:url\" content=\"https:\/\/upplevelsebolaget.com\/sv\/jippi-aventyret-ar-pa-ingang\/\" \/>\n<meta property=\"og:site_name\" content=\"Upplevelsebolaget\" \/>\n<meta property=\"article:modified_time\" content=\"2021-01-22T13:54:37+00:00\" \/>\n<meta property=\"og:image\" content=\"https:\/\/upplevelsebolaget.com\/wp-content\/uploads\/2018\/11\/kayaking_westsweden_orust-007.jpg\" \/>\n\t<meta property=\"og:image:width\" content=\"2560\" \/>\n\t<meta property=\"og:image:height\" content=\"1439\" \/>\n\t<meta property=\"og:image:type\" content=\"image\/jpeg\" \/>\n<meta name=\"twitter:card\" content=\"summary_large_image\" \/>\n<meta name=\"twitter:label1\" content=\"Ber\u00e4knad l\u00e4stid\" \/>\n\t<meta name=\"twitter:data1\" content=\"2 minuter\" \/>\n<script type=\"application\/ld+json\" class=\"yoast-schema-graph\">{\"@context\":\"https:\\\/\\\/schema.org\",\"@graph\":[{\"@type\":\"WebPage\",\"@id\":\"https:\\\/\\\/upplevelsebolaget.com\\\/sv\\\/jippi-aventyret-ar-pa-ingang\\\/\",\"url\":\"https:\\\/\\\/upplevelsebolaget.com\\\/sv\\\/jippi-aventyret-ar-pa-ingang\\\/\",\"name\":\"Jippi, \u00e4ventyr p\u00e5 g\u00e5ng! - Upplevelsebolaget\",\"isPartOf\":{\"@id\":\"https:\\\/\\\/upplevelsebolaget.com\\\/sv\\\/#website\"},\"primaryImageOfPage\":{\"@id\":\"https:\\\/\\\/upplevelsebolaget.com\\\/sv\\\/jippi-aventyret-ar-pa-ingang\\\/#primaryimage\"},\"image\":{\"@id\":\"https:\\\/\\\/upplevelsebolaget.com\\\/sv\\\/jippi-aventyret-ar-pa-ingang\\\/#primaryimage\"},\"thumbnailUrl\":\"https:\\\/\\\/upplevelsebolaget.com\\\/wp-content\\\/uploads\\\/2018\\\/11\\\/kayaking_westsweden_orust-007.jpg\",\"datePublished\":\"2020-06-16T21:45:25+00:00\",\"dateModified\":\"2021-01-22T13:54:37+00:00\",\"breadcrumb\":{\"@id\":\"https:\\\/\\\/upplevelsebolaget.com\\\/sv\\\/jippi-aventyret-ar-pa-ingang\\\/#breadcrumb\"},\"inLanguage\":\"sv-SE\",\"potentialAction\":[{\"@type\":\"ReadAction\",\"target\":[\"https:\\\/\\\/upplevelsebolaget.com\\\/sv\\\/jippi-aventyret-ar-pa-ingang\\\/\"]}]},{\"@type\":\"ImageObject\",\"inLanguage\":\"sv-SE\",\"@id\":\"https:\\\/\\\/upplevelsebolaget.com\\\/sv\\\/jippi-aventyret-ar-pa-ingang\\\/#primaryimage\",\"url\":\"https:\\\/\\\/upplevelsebolaget.com\\\/wp-content\\\/uploads\\\/2018\\\/11\\\/kayaking_westsweden_orust-007.jpg\",\"contentUrl\":\"https:\\\/\\\/upplevelsebolaget.com\\\/wp-content\\\/uploads\\\/2018\\\/11\\\/kayaking_westsweden_orust-007.jpg\",\"width\":2560,\"height\":1439},{\"@type\":\"BreadcrumbList\",\"@id\":\"https:\\\/\\\/upplevelsebolaget.com\\\/sv\\\/jippi-aventyret-ar-pa-ingang\\\/#breadcrumb\",\"itemListElement\":[{\"@type\":\"ListItem\",\"position\":1,\"name\":\"Hem\",\"item\":\"https:\\\/\\\/upplevelsebolaget.com\\\/sv\\\/hem\\\/\"},{\"@type\":\"ListItem\",\"position\":2,\"name\":\"Jippi, \u00e4ventyr p\u00e5 g\u00e5ng!\"}]},{\"@type\":\"WebSite\",\"@id\":\"https:\\\/\\\/upplevelsebolaget.com\\\/sv\\\/#website\",\"url\":\"https:\\\/\\\/upplevelsebolaget.com\\\/sv\\\/\",\"name\":\"Upplevelsebolaget\",\"description\":\"Outdoor Experiences in West Sweden and Beyond\",\"potentialAction\":[{\"@type\":\"SearchAction\",\"target\":{\"@type\":\"EntryPoint\",\"urlTemplate\":\"https:\\\/\\\/upplevelsebolaget.com\\\/sv\\\/?s={search_term_string}\"},\"query-input\":{\"@type\":\"PropertyValueSpecification\",\"valueRequired\":true,\"valueName\":\"search_term_string\"}}],\"inLanguage\":\"sv-SE\"}]}<\/script>\n<!-- \/ Yoast SEO plugin. -->","yoast_head_json":{"title":"Jippi, \u00e4ventyr p\u00e5 g\u00e5ng! - Upplevelsebolaget","robots":{"index":"index","follow":"follow","max-snippet":"max-snippet:-1","max-image-preview":"max-image-preview:large","max-video-preview":"max-video-preview:-1"},"canonical":"https:\/\/upplevelsebolaget.com\/sv\/jippi-aventyret-ar-pa-ingang\/","og_locale":"sv_SE","og_type":"article","og_title":"Jippi, \u00e4ventyr p\u00e5 g\u00e5ng! - Upplevelsebolaget","og_description":"Tack f\u00f6r att du har bokat med oss. Vi kommer att g\u00f6ra v\u00e5rt yttersta f\u00f6r att g\u00f6ra din upplevelse of\u00f6rgl\u00f6mlig. Vi \u00e4r barnsligt entusiastiska n\u00e4r det handlar om \u00e4ventyr utomhus och hoppas att du kommer att tycka att det \u00e4r lika fantastiskt som vi g\u00f6r. H\u00e4r kommer lite information som vi hoppas hj\u00e4lper dig att ... L\u00e4s mer","og_url":"https:\/\/upplevelsebolaget.com\/sv\/jippi-aventyret-ar-pa-ingang\/","og_site_name":"Upplevelsebolaget","article_modified_time":"2021-01-22T13:54:37+00:00","og_image":[{"width":2560,"height":1439,"url":"https:\/\/upplevelsebolaget.com\/wp-content\/uploads\/2018\/11\/kayaking_westsweden_orust-007.jpg","type":"image\/jpeg"}],"twitter_card":"summary_large_image","twitter_misc":{"Ber\u00e4knad l\u00e4stid":"2 minuter"},"schema":{"@context":"https:\/\/schema.org","@graph":[{"@type":"WebPage","@id":"https:\/\/upplevelsebolaget.com\/sv\/jippi-aventyret-ar-pa-ingang\/","url":"https:\/\/upplevelsebolaget.com\/sv\/jippi-aventyret-ar-pa-ingang\/","name":"Jippi, \u00e4ventyr p\u00e5 g\u00e5ng! - Upplevelsebolaget","isPartOf":{"@id":"https:\/\/upplevelsebolaget.com\/sv\/#website"},"primaryImageOfPage":{"@id":"https:\/\/upplevelsebolaget.com\/sv\/jippi-aventyret-ar-pa-ingang\/#primaryimage"},"image":{"@id":"https:\/\/upplevelsebolaget.com\/sv\/jippi-aventyret-ar-pa-ingang\/#primaryimage"},"thumbnailUrl":"https:\/\/upplevelsebolaget.com\/wp-content\/uploads\/2018\/11\/kayaking_westsweden_orust-007.jpg","datePublished":"2020-06-16T21:45:25+00:00","dateModified":"2021-01-22T13:54:37+00:00","breadcrumb":{"@id":"https:\/\/upplevelsebolaget.com\/sv\/jippi-aventyret-ar-pa-ingang\/#breadcrumb"},"inLanguage":"sv-SE","potentialAction":[{"@type":"ReadAction","target":["https:\/\/upplevelsebolaget.com\/sv\/jippi-aventyret-ar-pa-ingang\/"]}]},{"@type":"ImageObject","inLanguage":"sv-SE","@id":"https:\/\/upplevelsebolaget.com\/sv\/jippi-aventyret-ar-pa-ingang\/#primaryimage","url":"https:\/\/upplevelsebolaget.com\/wp-content\/uploads\/2018\/11\/kayaking_westsweden_orust-007.jpg","contentUrl":"https:\/\/upplevelsebolaget.com\/wp-content\/uploads\/2018\/11\/kayaking_westsweden_orust-007.jpg","width":2560,"height":1439},{"@type":"BreadcrumbList","@id":"https:\/\/upplevelsebolaget.com\/sv\/jippi-aventyret-ar-pa-ingang\/#breadcrumb","itemListElement":[{"@type":"ListItem","position":1,"name":"Hem","item":"https:\/\/upplevelsebolaget.com\/sv\/hem\/"},{"@type":"ListItem","position":2,"name":"Jippi, \u00e4ventyr p\u00e5 g\u00e5ng!"}]},{"@type":"WebSite","@id":"https:\/\/upplevelsebolaget.com\/sv\/#website","url":"https:\/\/upplevelsebolaget.com\/sv\/","name":"Upplevelsebolaget","description":"Outdoor Experiences in West Sweden and Beyond","potentialAction":[{"@type":"SearchAction","target":{"@type":"EntryPoint","urlTemplate":"https:\/\/upplevelsebolaget.com\/sv\/?s={search_term_string}"},"query-input":{"@type":"PropertyValueSpecification","valueRequired":true,"valueName":"search_term_string"}}],"inLanguage":"sv-SE"}]}},"_links":{"self":[{"href":"https:\/\/upplevelsebolaget.com\/sv\/wp-json\/wp\/v2\/pages\/4517","targetHints":{"allow":["GET"]}}],"collection":[{"href":"https:\/\/upplevelsebolaget.com\/sv\/wp-json\/wp\/v2\/pages"}],"about":[{"href":"https:\/\/upplevelsebolaget.com\/sv\/wp-json\/wp\/v2\/types\/page"}],"author":[{"embeddable":true,"href":"https:\/\/upplevelsebolaget.com\/sv\/wp-json\/wp\/v2\/users\/3"}],"replies":[{"embeddable":true,"href":"https:\/\/upplevelsebolaget.com\/sv\/wp-json\/wp\/v2\/comments?post=4517"}],"version-history":[{"count":5,"href":"https:\/\/upplevelsebolaget.com\/sv\/wp-json\/wp\/v2\/pages\/4517\/revisions"}],"predecessor-version":[{"id":5508,"href":"https:\/\/upplevelsebolaget.com\/sv\/wp-json\/wp\/v2\/pages\/4517\/revisions\/5508"}],"wp:featuredmedia":[{"embeddable":true,"href":"https:\/\/upplevelsebolaget.com\/sv\/wp-json\/wp\/v2\/media\/4109"}],"wp:attachment":[{"href":"https:\/\/upplevelsebolaget.com\/sv\/wp-json\/wp\/v2\/media?parent=4517"}],"curies":[{"name":"wp","href":"https:\/\/api.w.org\/{rel}","templated":true}]}}