{"id":4507,"date":"2019-11-29T17:57:42","date_gmt":"2019-11-29T16:57:42","guid":{"rendered":"https:\/\/upplevelsebolaget.com\/hur-du-hittar-oss\/"},"modified":"2021-01-22T14:40:47","modified_gmt":"2021-01-22T13:40:47","slug":"hur-du-hittar-oss","status":"publish","type":"page","link":"https:\/\/upplevelsebolaget.com\/sv\/hur-du-hittar-oss\/","title":{"rendered":"Hitta till oss"},"content":{"rendered":"\n<h3 class=\"wp-block-heading\">Med kollektivtrafik <\/h3>\n\n<p>Om du anl\u00e4nder med buss eller t\u00e5g, vilket vi starkt rekommenderar, kommer du sannolikt till Uddevalla centrum. D\u00e4rifr\u00e5n kan du ta dig vidare till Gustafsberg (c:a 4 km) med buss, b\u00e5t eller en fin promenad fr\u00e5n centrum l\u00e4ngs den vackra strandpromenaden. Har du tagit bussen fr\u00e5n G\u00f6teborg eller fr\u00e5n Uddevalla centrum hoppar du av vid h\u00e5llplatserna Kapellev\u00e4gen (f\u00f6rslagsvis) eller Bodele och promenerar de sista c:a sjuhundra meterna till oss. Be din chauff\u00f6r att s\u00e4ga till n\u00e4r du ska hoppa av. Anv\u00e4nd l\u00e4nkarna nedan f\u00f6r att ta reda p\u00e5 tider och priser. Om anslutningarna inte fungerar eller om du f\u00e5r kort om tid till n\u00e5gon av v\u00e5ra aktiviteter, s\u00e5 kontakta oss g\u00e4rna s\u00e5 g\u00f6r vi v\u00e5rt b\u00e4sta f\u00f6r att h\u00e4mta dig vid buss- eller t\u00e5gstationen i centrum.<br\/><br\/><a href=\"http:\/\/www.vasttrafik.se\/\" target=\"_blank\" rel=\"noreferrer noopener\" aria-label=\" (opens in a new tab)\">V\u00e4sttrafik<\/a> \/ <a href=\"http:\/\/www.sj.se\/\" target=\"_blank\" rel=\"noreferrer noopener\" aria-label=\" (opens in a new tab)\">SJ<\/a> \/ <a href=\"http:\/\/www.swebus.se\/\" target=\"_blank\" rel=\"noreferrer noopener\" aria-label=\" (opens in a new tab)\">Swebus<\/a><\/p>\n\n<h3 class=\"wp-block-heading\">Med kajak<\/h3>\n\n<p>GPS-position: N 58\u00b0 19.783&#8242;, E 11\u00b0 54.387&#8242;<br\/><br\/>Knappa in koordinaterna i din GPS, sikta p\u00e5 Byfjorden s\u00f6dra strand, passera de magnifika gamla byggnaderna p\u00e5 Gustafsberg och glid upp p\u00e5 den lilla sandstranden vid S\u00f6rkullen. Promenera upp till den stora r\u00f6da ladan, d\u00e4r du hittar oss, och snacka paddling, kl\u00e4ttring eller andra livsn\u00f6dv\u00e4ndigheter \u00f6ver en espresso. V\u00e4lkommen!<\/p>\n\n<h3 class=\"wp-block-heading\">Med bil<\/h3>\n\n<p><strong>Fr\u00e5n s\u00f6der: <br\/><\/strong> Ta E6:an norrut och sv\u00e4ng av motorv\u00e4gen vid skylten Uddevalla S, ca 8 km efter Ljungskile. Forts\u00e4tt c:a 5 km och sv\u00e4ng \u00e5terigen mot Uddevalla S (\u00e4ven Gustafsberg). Forts\u00e4tt n\u00e5gra kilometer tills en skylt som visar mot Gustafsberg till v\u00e4nster, precis innan en stor gr\u00e4syta med fotbollsplaner. K\u00f6r n\u00e5gra hundra meter ner p\u00e5 v\u00e4gen och kolla \u00e5t h\u00f6ger, d\u00e4r du ser en stor r\u00f6d lada. F\u00f6lj den lilla grusv\u00e4gen fram till ladan.<br\/><\/p>\n\n<p><strong>Fr\u00e5n norr: <br\/><\/strong> Forts\u00e4tt p\u00e5 E6:an \u00f6ver Uddevallabron och sv\u00e4ng mot Uddevalla S efter bron. Du \u00e4r nu s\u00f6der om stan och f\u00f6ljer v\u00e4gbeskrivningen fr\u00e5n s\u00f6der. Alternativt, sv\u00e4ng av mot Uddevalla C vid Torps k\u00f6pcentrum ist\u00e4llet f\u00f6r att forts\u00e4tta \u00f6ver bron. Forts\u00e4tt mot Uddevalla centrum och f\u00f6lj d\u00e4rifr\u00e5n v\u00e4gbeskrivningen som g\u00e4ller om du kommer \u00f6sterifr\u00e5n.<br\/><\/p>\n\n<p><strong>Fr\u00e5n \u00f6ster:<br\/><\/strong>K\u00f6r v\u00e4g 44 och sv\u00e4ng av mot Uddevalla C. Du hamnar vid ett trafikljus mittemot sjukhuset, d\u00e4r du sv\u00e4nger v\u00e4nster. Forts\u00e4tt rakt igenom centrum, f\u00f6rbi trafikljus och rondeller. V\u00e4sterl\u00e5nggatan blir G\u00f6teborgsv\u00e4gen och du k\u00f6r ut ur stan, mot s\u00f6der. Efter en vacker, kurvig str\u00e4cka med fjordens vatten l\u00e5ngt ned p\u00e5 din h\u00f6gra sida passerar du en stor gr\u00e4syta med fotbollsplaner, ocks\u00e5 p\u00e5 din h\u00f6gra sida. Precis efter det, sv\u00e4ng h\u00f6ger mot Gustafsberg (skyltat). Efter n\u00e5gra hundra meter spanar du \u00e5t h\u00f6ger och ser en stor r\u00f6d lada. F\u00f6lj den lilla grusv\u00e4gen fram till ladan (skyltat).<br\/><\/p>\n\n<h3 class=\"wp-block-heading\">Taxi<\/h3>\n\n<p>Taxi kan bokas fr\u00e5n t\u00e5g- eller busstationen i Uddevalla fr\u00e5n <a href=\"https:\/\/www.taxivast.se\/\" target=\"_blank\" rel=\"noreferrer noopener\" aria-label=\" (opens in a new tab)\">Taxi V\u00e4st<\/a><\/p>\n\n<div style=\"height:40px\" aria-hidden=\"true\" class=\"wp-block-spacer\"><\/div>\n\n<iframe src=\"https:\/\/www.google.com\/maps\/embed?pb=!1m18!1m12!1m3!1d2094.7897834961286!2d11.904537715897295!3d58.32947609782339!2m3!1f0!2f0!3f0!3m2!1i1024!2i768!4f13.1!3m3!1m2!1s0x46450fcfcc64afb1%3A0x7272ecf067d74a1d!2sUpplevelsebolaget!5e0!3m2!1ssv!2sse!4v1575046628371!5m2!1ssv!2sse\" width=\"1000\" height=\"450\" frameborder=\"0\" style=\"border:0;\" allowfullscreen=\"\"><\/iframe>\n","protected":false},"excerpt":{"rendered":"<p>Med kollektivtrafik Om du anl\u00e4nder med buss eller t\u00e5g, vilket vi starkt rekommenderar, kommer du sannolikt till Uddevalla centrum. D\u00e4rifr\u00e5n kan du ta dig vidare till Gustafsberg (c:a 4 km) med buss, b\u00e5t eller en fin promenad fr\u00e5n centrum l\u00e4ngs den vackra strandpromenaden. Har du tagit bussen fr\u00e5n G\u00f6teborg eller fr\u00e5n Uddevalla centrum hoppar du &#8230; <a title=\"Hitta till oss\" class=\"read-more\" href=\"https:\/\/upplevelsebolaget.com\/sv\/hur-du-hittar-oss\/\" aria-label=\"L\u00e4s mer om Hitta till oss\">L\u00e4s mer<\/a><\/p>\n","protected":false},"author":2,"featured_media":4046,"parent":0,"menu_order":0,"comment_status":"closed","ping_status":"closed","template":"","meta":{"_acf_changed":false,"generate_page_header":"","footnotes":""},"class_list":{"0":"post-4507","1":"page","2":"type-page","3":"status-publish","4":"has-post-thumbnail","6":"no-featured-image-padding"},"acf":[],"yoast_head":"<!-- This site is optimized with the Yoast SEO plugin v27.4 - https:\/\/yoast.com\/product\/yoast-seo-wordpress\/ -->\n<title>Ni hittar oss p\u00e5 Upplevelsebolaget p\u00e5 Sveriges v\u00e4stkust<\/title>\n<meta name=\"description\" content=\"H\u00e4r hittar ni information om hur nu n\u00e5r oss h\u00e5llbart p\u00e5 Upplevelsebolaget i Uddevalla, precis norr om Uddevalla p\u00e5 Sveriges v\u00e4stkust.\" \/>\n<meta name=\"robots\" content=\"index, follow, max-snippet:-1, max-image-preview:large, max-video-preview:-1\" \/>\n<link rel=\"canonical\" href=\"https:\/\/upplevelsebolaget.com\/sv\/hur-du-hittar-oss\/\" \/>\n<meta property=\"og:locale\" content=\"sv_SE\" \/>\n<meta property=\"og:type\" content=\"article\" \/>\n<meta property=\"og:title\" content=\"Ni hittar oss p\u00e5 Upplevelsebolaget p\u00e5 Sveriges v\u00e4stkust\" \/>\n<meta property=\"og:description\" content=\"H\u00e4r hittar ni information om hur nu n\u00e5r oss h\u00e5llbart p\u00e5 Upplevelsebolaget i Uddevalla, precis norr om Uddevalla p\u00e5 Sveriges v\u00e4stkust.\" \/>\n<meta property=\"og:url\" content=\"https:\/\/upplevelsebolaget.com\/sv\/hur-du-hittar-oss\/\" \/>\n<meta property=\"og:site_name\" content=\"Upplevelsebolaget\" \/>\n<meta property=\"article:modified_time\" content=\"2021-01-22T13:40:47+00:00\" \/>\n<meta property=\"og:image\" content=\"https:\/\/upplevelsebolaget.com\/wp-content\/uploads\/2018\/08\/iceskating_westsweden-4.jpg\" \/>\n\t<meta property=\"og:image:width\" content=\"2560\" \/>\n\t<meta property=\"og:image:height\" content=\"1440\" \/>\n\t<meta property=\"og:image:type\" content=\"image\/jpeg\" \/>\n<meta name=\"twitter:card\" content=\"summary_large_image\" \/>\n<meta name=\"twitter:label1\" content=\"Ber\u00e4knad l\u00e4stid\" \/>\n\t<meta name=\"twitter:data1\" content=\"3 minuter\" \/>\n<script type=\"application\/ld+json\" class=\"yoast-schema-graph\">{\"@context\":\"https:\\\/\\\/schema.org\",\"@graph\":[{\"@type\":\"WebPage\",\"@id\":\"https:\\\/\\\/upplevelsebolaget.com\\\/sv\\\/hur-du-hittar-oss\\\/\",\"url\":\"https:\\\/\\\/upplevelsebolaget.com\\\/sv\\\/hur-du-hittar-oss\\\/\",\"name\":\"Ni hittar oss p\u00e5 Upplevelsebolaget p\u00e5 Sveriges v\u00e4stkust\",\"isPartOf\":{\"@id\":\"https:\\\/\\\/upplevelsebolaget.com\\\/sv\\\/#website\"},\"primaryImageOfPage\":{\"@id\":\"https:\\\/\\\/upplevelsebolaget.com\\\/sv\\\/hur-du-hittar-oss\\\/#primaryimage\"},\"image\":{\"@id\":\"https:\\\/\\\/upplevelsebolaget.com\\\/sv\\\/hur-du-hittar-oss\\\/#primaryimage\"},\"thumbnailUrl\":\"https:\\\/\\\/upplevelsebolaget.com\\\/wp-content\\\/uploads\\\/2018\\\/08\\\/iceskating_westsweden-4.jpg\",\"datePublished\":\"2019-11-29T16:57:42+00:00\",\"dateModified\":\"2021-01-22T13:40:47+00:00\",\"description\":\"H\u00e4r hittar ni information om hur nu n\u00e5r oss h\u00e5llbart p\u00e5 Upplevelsebolaget i Uddevalla, precis norr om Uddevalla p\u00e5 Sveriges v\u00e4stkust.\",\"breadcrumb\":{\"@id\":\"https:\\\/\\\/upplevelsebolaget.com\\\/sv\\\/hur-du-hittar-oss\\\/#breadcrumb\"},\"inLanguage\":\"sv-SE\",\"potentialAction\":[{\"@type\":\"ReadAction\",\"target\":[\"https:\\\/\\\/upplevelsebolaget.com\\\/sv\\\/hur-du-hittar-oss\\\/\"]}]},{\"@type\":\"ImageObject\",\"inLanguage\":\"sv-SE\",\"@id\":\"https:\\\/\\\/upplevelsebolaget.com\\\/sv\\\/hur-du-hittar-oss\\\/#primaryimage\",\"url\":\"https:\\\/\\\/upplevelsebolaget.com\\\/wp-content\\\/uploads\\\/2018\\\/08\\\/iceskating_westsweden-4.jpg\",\"contentUrl\":\"https:\\\/\\\/upplevelsebolaget.com\\\/wp-content\\\/uploads\\\/2018\\\/08\\\/iceskating_westsweden-4.jpg\",\"width\":2560,\"height\":1440},{\"@type\":\"BreadcrumbList\",\"@id\":\"https:\\\/\\\/upplevelsebolaget.com\\\/sv\\\/hur-du-hittar-oss\\\/#breadcrumb\",\"itemListElement\":[{\"@type\":\"ListItem\",\"position\":1,\"name\":\"Hem\",\"item\":\"https:\\\/\\\/upplevelsebolaget.com\\\/sv\\\/hem\\\/\"},{\"@type\":\"ListItem\",\"position\":2,\"name\":\"Hitta till oss\"}]},{\"@type\":\"WebSite\",\"@id\":\"https:\\\/\\\/upplevelsebolaget.com\\\/sv\\\/#website\",\"url\":\"https:\\\/\\\/upplevelsebolaget.com\\\/sv\\\/\",\"name\":\"Upplevelsebolaget\",\"description\":\"Outdoor Experiences in West Sweden and Beyond\",\"potentialAction\":[{\"@type\":\"SearchAction\",\"target\":{\"@type\":\"EntryPoint\",\"urlTemplate\":\"https:\\\/\\\/upplevelsebolaget.com\\\/sv\\\/?s={search_term_string}\"},\"query-input\":{\"@type\":\"PropertyValueSpecification\",\"valueRequired\":true,\"valueName\":\"search_term_string\"}}],\"inLanguage\":\"sv-SE\"}]}<\/script>\n<!-- \/ Yoast SEO plugin. -->","yoast_head_json":{"title":"Ni hittar oss p\u00e5 Upplevelsebolaget p\u00e5 Sveriges v\u00e4stkust","description":"H\u00e4r hittar ni information om hur nu n\u00e5r oss h\u00e5llbart p\u00e5 Upplevelsebolaget i Uddevalla, precis norr om Uddevalla p\u00e5 Sveriges v\u00e4stkust.","robots":{"index":"index","follow":"follow","max-snippet":"max-snippet:-1","max-image-preview":"max-image-preview:large","max-video-preview":"max-video-preview:-1"},"canonical":"https:\/\/upplevelsebolaget.com\/sv\/hur-du-hittar-oss\/","og_locale":"sv_SE","og_type":"article","og_title":"Ni hittar oss p\u00e5 Upplevelsebolaget p\u00e5 Sveriges v\u00e4stkust","og_description":"H\u00e4r hittar ni information om hur nu n\u00e5r oss h\u00e5llbart p\u00e5 Upplevelsebolaget i Uddevalla, precis norr om Uddevalla p\u00e5 Sveriges v\u00e4stkust.","og_url":"https:\/\/upplevelsebolaget.com\/sv\/hur-du-hittar-oss\/","og_site_name":"Upplevelsebolaget","article_modified_time":"2021-01-22T13:40:47+00:00","og_image":[{"width":2560,"height":1440,"url":"https:\/\/upplevelsebolaget.com\/wp-content\/uploads\/2018\/08\/iceskating_westsweden-4.jpg","type":"image\/jpeg"}],"twitter_card":"summary_large_image","twitter_misc":{"Ber\u00e4knad l\u00e4stid":"3 minuter"},"schema":{"@context":"https:\/\/schema.org","@graph":[{"@type":"WebPage","@id":"https:\/\/upplevelsebolaget.com\/sv\/hur-du-hittar-oss\/","url":"https:\/\/upplevelsebolaget.com\/sv\/hur-du-hittar-oss\/","name":"Ni hittar oss p\u00e5 Upplevelsebolaget p\u00e5 Sveriges v\u00e4stkust","isPartOf":{"@id":"https:\/\/upplevelsebolaget.com\/sv\/#website"},"primaryImageOfPage":{"@id":"https:\/\/upplevelsebolaget.com\/sv\/hur-du-hittar-oss\/#primaryimage"},"image":{"@id":"https:\/\/upplevelsebolaget.com\/sv\/hur-du-hittar-oss\/#primaryimage"},"thumbnailUrl":"https:\/\/upplevelsebolaget.com\/wp-content\/uploads\/2018\/08\/iceskating_westsweden-4.jpg","datePublished":"2019-11-29T16:57:42+00:00","dateModified":"2021-01-22T13:40:47+00:00","description":"H\u00e4r hittar ni information om hur nu n\u00e5r oss h\u00e5llbart p\u00e5 Upplevelsebolaget i Uddevalla, precis norr om Uddevalla p\u00e5 Sveriges v\u00e4stkust.","breadcrumb":{"@id":"https:\/\/upplevelsebolaget.com\/sv\/hur-du-hittar-oss\/#breadcrumb"},"inLanguage":"sv-SE","potentialAction":[{"@type":"ReadAction","target":["https:\/\/upplevelsebolaget.com\/sv\/hur-du-hittar-oss\/"]}]},{"@type":"ImageObject","inLanguage":"sv-SE","@id":"https:\/\/upplevelsebolaget.com\/sv\/hur-du-hittar-oss\/#primaryimage","url":"https:\/\/upplevelsebolaget.com\/wp-content\/uploads\/2018\/08\/iceskating_westsweden-4.jpg","contentUrl":"https:\/\/upplevelsebolaget.com\/wp-content\/uploads\/2018\/08\/iceskating_westsweden-4.jpg","width":2560,"height":1440},{"@type":"BreadcrumbList","@id":"https:\/\/upplevelsebolaget.com\/sv\/hur-du-hittar-oss\/#breadcrumb","itemListElement":[{"@type":"ListItem","position":1,"name":"Hem","item":"https:\/\/upplevelsebolaget.com\/sv\/hem\/"},{"@type":"ListItem","position":2,"name":"Hitta till oss"}]},{"@type":"WebSite","@id":"https:\/\/upplevelsebolaget.com\/sv\/#website","url":"https:\/\/upplevelsebolaget.com\/sv\/","name":"Upplevelsebolaget","description":"Outdoor Experiences in West Sweden and Beyond","potentialAction":[{"@type":"SearchAction","target":{"@type":"EntryPoint","urlTemplate":"https:\/\/upplevelsebolaget.com\/sv\/?s={search_term_string}"},"query-input":{"@type":"PropertyValueSpecification","valueRequired":true,"valueName":"search_term_string"}}],"inLanguage":"sv-SE"}]}},"_links":{"self":[{"href":"https:\/\/upplevelsebolaget.com\/sv\/wp-json\/wp\/v2\/pages\/4507","targetHints":{"allow":["GET"]}}],"collection":[{"href":"https:\/\/upplevelsebolaget.com\/sv\/wp-json\/wp\/v2\/pages"}],"about":[{"href":"https:\/\/upplevelsebolaget.com\/sv\/wp-json\/wp\/v2\/types\/page"}],"author":[{"embeddable":true,"href":"https:\/\/upplevelsebolaget.com\/sv\/wp-json\/wp\/v2\/users\/2"}],"replies":[{"embeddable":true,"href":"https:\/\/upplevelsebolaget.com\/sv\/wp-json\/wp\/v2\/comments?post=4507"}],"version-history":[{"count":4,"href":"https:\/\/upplevelsebolaget.com\/sv\/wp-json\/wp\/v2\/pages\/4507\/revisions"}],"predecessor-version":[{"id":5485,"href":"https:\/\/upplevelsebolaget.com\/sv\/wp-json\/wp\/v2\/pages\/4507\/revisions\/5485"}],"wp:featuredmedia":[{"embeddable":true,"href":"https:\/\/upplevelsebolaget.com\/sv\/wp-json\/wp\/v2\/media\/4046"}],"wp:attachment":[{"href":"https:\/\/upplevelsebolaget.com\/sv\/wp-json\/wp\/v2\/media?parent=4507"}],"curies":[{"name":"wp","href":"https:\/\/api.w.org\/{rel}","templated":true}]}}