{"id":4503,"date":"2019-12-04T11:45:22","date_gmt":"2019-12-04T10:45:22","guid":{"rendered":"https:\/\/upplevelsebolaget.com\/kontakt\/"},"modified":"2021-08-24T16:39:09","modified_gmt":"2021-08-24T14:39:09","slug":"kontakt","status":"publish","type":"page","link":"https:\/\/upplevelsebolaget.com\/sv\/kontakt\/","title":{"rendered":"Kontakt"},"content":{"rendered":"\t\t<div data-elementor-type=\"wp-page\" data-elementor-id=\"4503\" class=\"elementor elementor-4503 elementor-2792\" data-elementor-post-type=\"page\">\n\t\t\t\t\t\t<section class=\"elementor-section elementor-top-section elementor-element elementor-element-254fa8ac elementor-section-boxed elementor-section-height-default elementor-section-height-default\" data-id=\"254fa8ac\" data-element_type=\"section\" data-e-type=\"section\" data-settings=\"{&quot;jet_parallax_layout_list&quot;:[{&quot;jet_parallax_layout_image&quot;:{&quot;url&quot;:&quot;&quot;,&quot;id&quot;:&quot;&quot;,&quot;size&quot;:&quot;&quot;},&quot;_id&quot;:&quot;7194155&quot;,&quot;jet_parallax_layout_image_tablet&quot;:{&quot;url&quot;:&quot;&quot;,&quot;id&quot;:&quot;&quot;,&quot;size&quot;:&quot;&quot;},&quot;jet_parallax_layout_image_mobile&quot;:{&quot;url&quot;:&quot;&quot;,&quot;id&quot;:&quot;&quot;,&quot;size&quot;:&quot;&quot;},&quot;jet_parallax_layout_speed&quot;:{&quot;unit&quot;:&quot;%&quot;,&quot;size&quot;:50,&quot;sizes&quot;:[]},&quot;jet_parallax_layout_type&quot;:&quot;scroll&quot;,&quot;jet_parallax_layout_direction&quot;:&quot;1&quot;,&quot;jet_parallax_layout_fx_direction&quot;:null,&quot;jet_parallax_layout_z_index&quot;:&quot;&quot;,&quot;jet_parallax_layout_bg_x&quot;:50,&quot;jet_parallax_layout_bg_x_tablet&quot;:&quot;&quot;,&quot;jet_parallax_layout_bg_x_mobile&quot;:&quot;&quot;,&quot;jet_parallax_layout_bg_y&quot;:50,&quot;jet_parallax_layout_bg_y_tablet&quot;:&quot;&quot;,&quot;jet_parallax_layout_bg_y_mobile&quot;:&quot;&quot;,&quot;jet_parallax_layout_bg_size&quot;:&quot;auto&quot;,&quot;jet_parallax_layout_bg_size_tablet&quot;:&quot;&quot;,&quot;jet_parallax_layout_bg_size_mobile&quot;:&quot;&quot;,&quot;jet_parallax_layout_animation_prop&quot;:&quot;transform&quot;,&quot;jet_parallax_layout_on&quot;:[&quot;desktop&quot;,&quot;tablet&quot;]}]}\">\n\t\t\t\t\t\t<div class=\"elementor-container elementor-column-gap-default\">\n\t\t\t\t\t<div class=\"elementor-column elementor-col-100 elementor-top-column elementor-element elementor-element-444ea938\" data-id=\"444ea938\" data-element_type=\"column\" data-e-type=\"column\">\n\t\t\t<div class=\"elementor-widget-wrap elementor-element-populated\">\n\t\t\t\t\t\t<div class=\"elementor-element elementor-element-30be2973 elementor-widget elementor-widget-text-editor\" data-id=\"30be2973\" data-element_type=\"widget\" data-e-type=\"widget\" data-widget_type=\"text-editor.default\">\n\t\t\t\t<div class=\"elementor-widget-container\">\n\t\t\t\t\t\t\t\t\t<p>Det finns flera s\u00e4tt att n\u00e5 oss. Prova n\u00e5got av f\u00f6ljande: <\/p>\n<p><strong>Adress:<\/strong> <br \/>Upplevelsebolaget<br \/>Gustafsberg 320 <br \/>SE 451 91 Uddevalla<br \/>Sverige<\/p>\n<p><strong>Telefon:<\/strong> <br \/>+46 705 131085<\/p>\n<p><strong>E-mail:<\/strong> <br \/>Bokning: bokning[at]upplevelsebolaget.com<br \/>Bokning: bokning[at]upplevelsebolaget.com<br \/>Feedback: feedback[at]upplevelsebolaget.com<\/p>\n<p><strong>VAT:<\/strong> <br \/>SE556695672701<\/p>\n<p><strong>SWIFT:<\/strong> <br \/>NDEASESS<\/p>\n<p><strong>IBAN:<\/strong> <br \/>SE73 9500 0099 6034 0094 5865<\/p>\n<p><strong>PLUSGIRO:<\/strong><br \/>9 45 86-5<\/p>\n<p><strong>BANKGIRO:<\/strong><br \/>5113-8790<\/p>\n\t\t\t\t\t\t\t\t<\/div>\n\t\t\t\t<\/div>\n\t\t\t\t\t<\/div>\n\t\t<\/div>\n\t\t\t\t\t<\/div>\n\t\t<\/section>\n\t\t\t\t<\/div>\n\t\t","protected":false},"excerpt":{"rendered":"<p>Det finns flera s\u00e4tt att n\u00e5 oss. Prova n\u00e5got av f\u00f6ljande: Adress: UpplevelsebolagetGustafsberg 320 SE 451 91 UddevallaSverige Telefon: +46 705 131085 E-mail: Bokning: bokning[at]upplevelsebolaget.comBokning: bokning[at]upplevelsebolaget.comFeedback: feedback[at]upplevelsebolaget.com VAT: SE556695672701 SWIFT: NDEASESS IBAN: SE73 9500 0099 6034 0094 5865 PLUSGIRO:9 45 86-5 BANKGIRO:5113-8790<\/p>\n","protected":false},"author":2,"featured_media":4270,"parent":0,"menu_order":0,"comment_status":"closed","ping_status":"closed","template":"","meta":{"_acf_changed":false,"generate_page_header":"","footnotes":""},"class_list":{"0":"post-4503","1":"page","2":"type-page","3":"status-publish","4":"has-post-thumbnail","6":"no-featured-image-padding"},"acf":[],"yoast_head":"<!-- This site is optimized with the Yoast SEO plugin v27.4 - https:\/\/yoast.com\/product\/yoast-seo-wordpress\/ -->\n<title>H\u00e4r hittar du olika s\u00e4tt att kontakta oss p\u00e5 Upplevelsebolaget i Uddevalla<\/title>\n<meta name=\"description\" content=\"Kontakta oss p\u00e5 Upplevelsebolaget i Uddevalla, norr om G\u00f6teborg om du letar efter upplevelser i naturen i Bohusl\u00e4n, p\u00e5 Sveriges v\u00e4stkust.\" \/>\n<meta name=\"robots\" content=\"index, follow, max-snippet:-1, max-image-preview:large, max-video-preview:-1\" \/>\n<link rel=\"canonical\" href=\"https:\/\/upplevelsebolaget.com\/sv\/kontakt\/\" \/>\n<meta property=\"og:locale\" content=\"sv_SE\" \/>\n<meta property=\"og:type\" content=\"article\" \/>\n<meta property=\"og:title\" content=\"H\u00e4r hittar du olika s\u00e4tt att kontakta oss p\u00e5 Upplevelsebolaget i Uddevalla\" \/>\n<meta property=\"og:description\" content=\"Kontakta oss p\u00e5 Upplevelsebolaget i Uddevalla, norr om G\u00f6teborg om du letar efter upplevelser i naturen i Bohusl\u00e4n, p\u00e5 Sveriges v\u00e4stkust.\" \/>\n<meta property=\"og:url\" content=\"https:\/\/upplevelsebolaget.com\/sv\/kontakt\/\" \/>\n<meta property=\"og:site_name\" content=\"Upplevelsebolaget\" \/>\n<meta property=\"article:modified_time\" content=\"2021-08-24T14:39:09+00:00\" \/>\n<meta property=\"og:image\" content=\"https:\/\/upplevelsebolaget.com\/wp-content\/uploads\/2020\/04\/mountainbiking_westsweden_kinnekulle-3.jpg\" \/>\n\t<meta property=\"og:image:width\" content=\"2560\" \/>\n\t<meta property=\"og:image:height\" content=\"1440\" \/>\n\t<meta property=\"og:image:type\" content=\"image\/jpeg\" \/>\n<meta name=\"twitter:card\" content=\"summary_large_image\" \/>\n<script type=\"application\/ld+json\" class=\"yoast-schema-graph\">{\"@context\":\"https:\\\/\\\/schema.org\",\"@graph\":[{\"@type\":\"WebPage\",\"@id\":\"https:\\\/\\\/upplevelsebolaget.com\\\/sv\\\/kontakt\\\/\",\"url\":\"https:\\\/\\\/upplevelsebolaget.com\\\/sv\\\/kontakt\\\/\",\"name\":\"H\u00e4r hittar du olika s\u00e4tt att kontakta oss p\u00e5 Upplevelsebolaget i Uddevalla\",\"isPartOf\":{\"@id\":\"https:\\\/\\\/upplevelsebolaget.com\\\/sv\\\/#website\"},\"primaryImageOfPage\":{\"@id\":\"https:\\\/\\\/upplevelsebolaget.com\\\/sv\\\/kontakt\\\/#primaryimage\"},\"image\":{\"@id\":\"https:\\\/\\\/upplevelsebolaget.com\\\/sv\\\/kontakt\\\/#primaryimage\"},\"thumbnailUrl\":\"https:\\\/\\\/upplevelsebolaget.com\\\/wp-content\\\/uploads\\\/2020\\\/04\\\/mountainbiking_westsweden_kinnekulle-3.jpg\",\"datePublished\":\"2019-12-04T10:45:22+00:00\",\"dateModified\":\"2021-08-24T14:39:09+00:00\",\"description\":\"Kontakta oss p\u00e5 Upplevelsebolaget i Uddevalla, norr om G\u00f6teborg om du letar efter upplevelser i naturen i Bohusl\u00e4n, p\u00e5 Sveriges v\u00e4stkust.\",\"breadcrumb\":{\"@id\":\"https:\\\/\\\/upplevelsebolaget.com\\\/sv\\\/kontakt\\\/#breadcrumb\"},\"inLanguage\":\"sv-SE\",\"potentialAction\":[{\"@type\":\"ReadAction\",\"target\":[\"https:\\\/\\\/upplevelsebolaget.com\\\/sv\\\/kontakt\\\/\"]}]},{\"@type\":\"ImageObject\",\"inLanguage\":\"sv-SE\",\"@id\":\"https:\\\/\\\/upplevelsebolaget.com\\\/sv\\\/kontakt\\\/#primaryimage\",\"url\":\"https:\\\/\\\/upplevelsebolaget.com\\\/wp-content\\\/uploads\\\/2020\\\/04\\\/mountainbiking_westsweden_kinnekulle-3.jpg\",\"contentUrl\":\"https:\\\/\\\/upplevelsebolaget.com\\\/wp-content\\\/uploads\\\/2020\\\/04\\\/mountainbiking_westsweden_kinnekulle-3.jpg\",\"width\":2560,\"height\":1440},{\"@type\":\"BreadcrumbList\",\"@id\":\"https:\\\/\\\/upplevelsebolaget.com\\\/sv\\\/kontakt\\\/#breadcrumb\",\"itemListElement\":[{\"@type\":\"ListItem\",\"position\":1,\"name\":\"Hem\",\"item\":\"https:\\\/\\\/upplevelsebolaget.com\\\/sv\\\/hem\\\/\"},{\"@type\":\"ListItem\",\"position\":2,\"name\":\"Kontakt\"}]},{\"@type\":\"WebSite\",\"@id\":\"https:\\\/\\\/upplevelsebolaget.com\\\/sv\\\/#website\",\"url\":\"https:\\\/\\\/upplevelsebolaget.com\\\/sv\\\/\",\"name\":\"Upplevelsebolaget\",\"description\":\"Outdoor Experiences in West Sweden and Beyond\",\"potentialAction\":[{\"@type\":\"SearchAction\",\"target\":{\"@type\":\"EntryPoint\",\"urlTemplate\":\"https:\\\/\\\/upplevelsebolaget.com\\\/sv\\\/?s={search_term_string}\"},\"query-input\":{\"@type\":\"PropertyValueSpecification\",\"valueRequired\":true,\"valueName\":\"search_term_string\"}}],\"inLanguage\":\"sv-SE\"}]}<\/script>\n<!-- \/ Yoast SEO plugin. -->","yoast_head_json":{"title":"H\u00e4r hittar du olika s\u00e4tt att kontakta oss p\u00e5 Upplevelsebolaget i Uddevalla","description":"Kontakta oss p\u00e5 Upplevelsebolaget i Uddevalla, norr om G\u00f6teborg om du letar efter upplevelser i naturen i Bohusl\u00e4n, p\u00e5 Sveriges v\u00e4stkust.","robots":{"index":"index","follow":"follow","max-snippet":"max-snippet:-1","max-image-preview":"max-image-preview:large","max-video-preview":"max-video-preview:-1"},"canonical":"https:\/\/upplevelsebolaget.com\/sv\/kontakt\/","og_locale":"sv_SE","og_type":"article","og_title":"H\u00e4r hittar du olika s\u00e4tt att kontakta oss p\u00e5 Upplevelsebolaget i Uddevalla","og_description":"Kontakta oss p\u00e5 Upplevelsebolaget i Uddevalla, norr om G\u00f6teborg om du letar efter upplevelser i naturen i Bohusl\u00e4n, p\u00e5 Sveriges v\u00e4stkust.","og_url":"https:\/\/upplevelsebolaget.com\/sv\/kontakt\/","og_site_name":"Upplevelsebolaget","article_modified_time":"2021-08-24T14:39:09+00:00","og_image":[{"width":2560,"height":1440,"url":"https:\/\/upplevelsebolaget.com\/wp-content\/uploads\/2020\/04\/mountainbiking_westsweden_kinnekulle-3.jpg","type":"image\/jpeg"}],"twitter_card":"summary_large_image","schema":{"@context":"https:\/\/schema.org","@graph":[{"@type":"WebPage","@id":"https:\/\/upplevelsebolaget.com\/sv\/kontakt\/","url":"https:\/\/upplevelsebolaget.com\/sv\/kontakt\/","name":"H\u00e4r hittar du olika s\u00e4tt att kontakta oss p\u00e5 Upplevelsebolaget i Uddevalla","isPartOf":{"@id":"https:\/\/upplevelsebolaget.com\/sv\/#website"},"primaryImageOfPage":{"@id":"https:\/\/upplevelsebolaget.com\/sv\/kontakt\/#primaryimage"},"image":{"@id":"https:\/\/upplevelsebolaget.com\/sv\/kontakt\/#primaryimage"},"thumbnailUrl":"https:\/\/upplevelsebolaget.com\/wp-content\/uploads\/2020\/04\/mountainbiking_westsweden_kinnekulle-3.jpg","datePublished":"2019-12-04T10:45:22+00:00","dateModified":"2021-08-24T14:39:09+00:00","description":"Kontakta oss p\u00e5 Upplevelsebolaget i Uddevalla, norr om G\u00f6teborg om du letar efter upplevelser i naturen i Bohusl\u00e4n, p\u00e5 Sveriges v\u00e4stkust.","breadcrumb":{"@id":"https:\/\/upplevelsebolaget.com\/sv\/kontakt\/#breadcrumb"},"inLanguage":"sv-SE","potentialAction":[{"@type":"ReadAction","target":["https:\/\/upplevelsebolaget.com\/sv\/kontakt\/"]}]},{"@type":"ImageObject","inLanguage":"sv-SE","@id":"https:\/\/upplevelsebolaget.com\/sv\/kontakt\/#primaryimage","url":"https:\/\/upplevelsebolaget.com\/wp-content\/uploads\/2020\/04\/mountainbiking_westsweden_kinnekulle-3.jpg","contentUrl":"https:\/\/upplevelsebolaget.com\/wp-content\/uploads\/2020\/04\/mountainbiking_westsweden_kinnekulle-3.jpg","width":2560,"height":1440},{"@type":"BreadcrumbList","@id":"https:\/\/upplevelsebolaget.com\/sv\/kontakt\/#breadcrumb","itemListElement":[{"@type":"ListItem","position":1,"name":"Hem","item":"https:\/\/upplevelsebolaget.com\/sv\/hem\/"},{"@type":"ListItem","position":2,"name":"Kontakt"}]},{"@type":"WebSite","@id":"https:\/\/upplevelsebolaget.com\/sv\/#website","url":"https:\/\/upplevelsebolaget.com\/sv\/","name":"Upplevelsebolaget","description":"Outdoor Experiences in West Sweden and Beyond","potentialAction":[{"@type":"SearchAction","target":{"@type":"EntryPoint","urlTemplate":"https:\/\/upplevelsebolaget.com\/sv\/?s={search_term_string}"},"query-input":{"@type":"PropertyValueSpecification","valueRequired":true,"valueName":"search_term_string"}}],"inLanguage":"sv-SE"}]}},"_links":{"self":[{"href":"https:\/\/upplevelsebolaget.com\/sv\/wp-json\/wp\/v2\/pages\/4503","targetHints":{"allow":["GET"]}}],"collection":[{"href":"https:\/\/upplevelsebolaget.com\/sv\/wp-json\/wp\/v2\/pages"}],"about":[{"href":"https:\/\/upplevelsebolaget.com\/sv\/wp-json\/wp\/v2\/types\/page"}],"author":[{"embeddable":true,"href":"https:\/\/upplevelsebolaget.com\/sv\/wp-json\/wp\/v2\/users\/2"}],"replies":[{"embeddable":true,"href":"https:\/\/upplevelsebolaget.com\/sv\/wp-json\/wp\/v2\/comments?post=4503"}],"version-history":[{"count":5,"href":"https:\/\/upplevelsebolaget.com\/sv\/wp-json\/wp\/v2\/pages\/4503\/revisions"}],"predecessor-version":[{"id":6453,"href":"https:\/\/upplevelsebolaget.com\/sv\/wp-json\/wp\/v2\/pages\/4503\/revisions\/6453"}],"wp:featuredmedia":[{"embeddable":true,"href":"https:\/\/upplevelsebolaget.com\/sv\/wp-json\/wp\/v2\/media\/4270"}],"wp:attachment":[{"href":"https:\/\/upplevelsebolaget.com\/sv\/wp-json\/wp\/v2\/media?parent=4503"}],"curies":[{"name":"wp","href":"https:\/\/api.w.org\/{rel}","templated":true}]}}