{"id":4496,"date":"2019-12-04T11:47:00","date_gmt":"2019-12-04T10:47:00","guid":{"rendered":"https:\/\/upplevelsebolaget.com\/tillganglighet\/"},"modified":"2021-01-22T14:30:48","modified_gmt":"2021-01-22T13:30:48","slug":"tillganglighet","status":"publish","type":"page","link":"https:\/\/upplevelsebolaget.com\/sv\/tillganglighet\/","title":{"rendered":"Tillg\u00e4nglighet"},"content":{"rendered":"\n<p>Vi gillar v\u00e4rlden. Alla som arbetar f\u00f6r Upplevelsebolaget har spenderat en stor del av sitt liv och sina resurser f\u00f6r att uppt\u00e4cka och uppleva v\u00e5r planet. Vi \u00e4lskar m\u00e5ngfalden, variationen och \u00f6verraskningarna. Vi gillar varmt och kallt, h\u00f6gt och l\u00e5gt, s\u00f6tt och salt, svart och vitt. Och allting d\u00e4r emellan.<\/p>\n\n<p>Vi gillar ocks\u00e5 n\u00e4r v\u00e4rlden bes\u00f6ker oss. Att f\u00e5 bes\u00f6k av g\u00e4ster med olika etnicitet, hudf\u00e4rg, k\u00f6n eller sexuell l\u00e4ggning, olika spr\u00e5k, olika typer av funktionshinder, olika politiska \u00e5sikter, religi\u00f6s tro eller social status g\u00f6r v\u00e5rt jobb och v\u00e5r verksamhet mer intressant, mer utbildande och mer perfekt. Roligare helt enkelt.<\/p>\n\n<p>S\u00e5 v\u00e4lkomna till Upplevelsebolaget, alla olika representanter f\u00f6r v\u00e4rlden!<\/p>\n\n<p>Alla kanske inte kan delta i allt vi g\u00f6r. En speciell funktionsvariation kanske \u00e4r ett hinder f\u00f6r att kl\u00e4ttra, paddla eller cykla mountainbike? Om du har en funktionsvariation, en allergi, en religi\u00f6s tro eller n\u00e5got annat som kan p\u00e5verka f\u00f6ruts\u00e4ttningarna f\u00f6r ett bes\u00f6k hos oss, s\u00e5 ta g\u00e4rna kontakt med oss. Vi tror att du k\u00e4nner till dina eventuella begr\u00e4nsningar b\u00e4st sj\u00e4lv. Prata med oss s\u00e5 kan vi diskutera en passande aktivitet och hur vi b\u00e4st hanterar alla praktiska detaljer f\u00f6r att du skall kunna vara med och ha en fantastisk upplevelse.<\/p>\n\n<p><\/p>\n\n<div style=\"height:40px\" aria-hidden=\"true\" class=\"wp-block-spacer\"><\/div>\n","protected":false},"excerpt":{"rendered":"<p>Vi gillar v\u00e4rlden. Alla som arbetar f\u00f6r Upplevelsebolaget har spenderat en stor del av sitt liv och sina resurser f\u00f6r att uppt\u00e4cka och uppleva v\u00e5r planet. Vi \u00e4lskar m\u00e5ngfalden, variationen och \u00f6verraskningarna. Vi gillar varmt och kallt, h\u00f6gt och l\u00e5gt, s\u00f6tt och salt, svart och vitt. Och allting d\u00e4r emellan. Vi gillar ocks\u00e5 n\u00e4r v\u00e4rlden &#8230; <a title=\"Tillg\u00e4nglighet\" class=\"read-more\" href=\"https:\/\/upplevelsebolaget.com\/sv\/tillganglighet\/\" aria-label=\"L\u00e4s mer om Tillg\u00e4nglighet\">L\u00e4s mer<\/a><\/p>\n","protected":false},"author":2,"featured_media":4231,"parent":0,"menu_order":0,"comment_status":"closed","ping_status":"closed","template":"","meta":{"_acf_changed":false,"generate_page_header":"","footnotes":""},"class_list":{"0":"post-4496","1":"page","2":"type-page","3":"status-publish","4":"has-post-thumbnail","6":"no-featured-image-padding"},"acf":[],"yoast_head":"<!-- This site is optimized with the Yoast SEO plugin v27.4 - https:\/\/yoast.com\/product\/yoast-seo-wordpress\/ -->\n<title>Tillg\u00e4nglighet - Upplevelsebolaget<\/title>\n<meta name=\"robots\" content=\"index, follow, max-snippet:-1, max-image-preview:large, max-video-preview:-1\" \/>\n<link rel=\"canonical\" href=\"https:\/\/upplevelsebolaget.com\/sv\/tillganglighet\/\" \/>\n<meta property=\"og:locale\" content=\"sv_SE\" \/>\n<meta property=\"og:type\" content=\"article\" \/>\n<meta property=\"og:title\" content=\"Tillg\u00e4nglighet - Upplevelsebolaget\" \/>\n<meta property=\"og:description\" content=\"Vi gillar v\u00e4rlden. Alla som arbetar f\u00f6r Upplevelsebolaget har spenderat en stor del av sitt liv och sina resurser f\u00f6r att uppt\u00e4cka och uppleva v\u00e5r planet. Vi \u00e4lskar m\u00e5ngfalden, variationen och \u00f6verraskningarna. Vi gillar varmt och kallt, h\u00f6gt och l\u00e5gt, s\u00f6tt och salt, svart och vitt. Och allting d\u00e4r emellan. Vi gillar ocks\u00e5 n\u00e4r v\u00e4rlden ... L\u00e4s mer\" \/>\n<meta property=\"og:url\" content=\"https:\/\/upplevelsebolaget.com\/sv\/tillganglighet\/\" \/>\n<meta property=\"og:site_name\" content=\"Upplevelsebolaget\" \/>\n<meta property=\"article:modified_time\" content=\"2021-01-22T13:30:48+00:00\" \/>\n<meta property=\"og:image\" content=\"https:\/\/upplevelsebolaget.com\/wp-content\/uploads\/2019\/12\/Access_IMG_8289.jpg\" \/>\n\t<meta property=\"og:image:width\" content=\"800\" \/>\n\t<meta property=\"og:image:height\" content=\"532\" \/>\n\t<meta property=\"og:image:type\" content=\"image\/jpeg\" \/>\n<meta name=\"twitter:card\" content=\"summary_large_image\" \/>\n<meta name=\"twitter:label1\" content=\"Ber\u00e4knad l\u00e4stid\" \/>\n\t<meta name=\"twitter:data1\" content=\"1 minut\" \/>\n<script type=\"application\/ld+json\" class=\"yoast-schema-graph\">{\"@context\":\"https:\\\/\\\/schema.org\",\"@graph\":[{\"@type\":\"WebPage\",\"@id\":\"https:\\\/\\\/upplevelsebolaget.com\\\/sv\\\/tillganglighet\\\/\",\"url\":\"https:\\\/\\\/upplevelsebolaget.com\\\/sv\\\/tillganglighet\\\/\",\"name\":\"Tillg\u00e4nglighet - Upplevelsebolaget\",\"isPartOf\":{\"@id\":\"https:\\\/\\\/upplevelsebolaget.com\\\/sv\\\/#website\"},\"primaryImageOfPage\":{\"@id\":\"https:\\\/\\\/upplevelsebolaget.com\\\/sv\\\/tillganglighet\\\/#primaryimage\"},\"image\":{\"@id\":\"https:\\\/\\\/upplevelsebolaget.com\\\/sv\\\/tillganglighet\\\/#primaryimage\"},\"thumbnailUrl\":\"https:\\\/\\\/upplevelsebolaget.com\\\/wp-content\\\/uploads\\\/2019\\\/12\\\/Access_IMG_8289.jpg\",\"datePublished\":\"2019-12-04T10:47:00+00:00\",\"dateModified\":\"2021-01-22T13:30:48+00:00\",\"breadcrumb\":{\"@id\":\"https:\\\/\\\/upplevelsebolaget.com\\\/sv\\\/tillganglighet\\\/#breadcrumb\"},\"inLanguage\":\"sv-SE\",\"potentialAction\":[{\"@type\":\"ReadAction\",\"target\":[\"https:\\\/\\\/upplevelsebolaget.com\\\/sv\\\/tillganglighet\\\/\"]}]},{\"@type\":\"ImageObject\",\"inLanguage\":\"sv-SE\",\"@id\":\"https:\\\/\\\/upplevelsebolaget.com\\\/sv\\\/tillganglighet\\\/#primaryimage\",\"url\":\"https:\\\/\\\/upplevelsebolaget.com\\\/wp-content\\\/uploads\\\/2019\\\/12\\\/Access_IMG_8289.jpg\",\"contentUrl\":\"https:\\\/\\\/upplevelsebolaget.com\\\/wp-content\\\/uploads\\\/2019\\\/12\\\/Access_IMG_8289.jpg\",\"width\":800,\"height\":532},{\"@type\":\"BreadcrumbList\",\"@id\":\"https:\\\/\\\/upplevelsebolaget.com\\\/sv\\\/tillganglighet\\\/#breadcrumb\",\"itemListElement\":[{\"@type\":\"ListItem\",\"position\":1,\"name\":\"Hem\",\"item\":\"https:\\\/\\\/upplevelsebolaget.com\\\/sv\\\/hem\\\/\"},{\"@type\":\"ListItem\",\"position\":2,\"name\":\"Tillg\u00e4nglighet\"}]},{\"@type\":\"WebSite\",\"@id\":\"https:\\\/\\\/upplevelsebolaget.com\\\/sv\\\/#website\",\"url\":\"https:\\\/\\\/upplevelsebolaget.com\\\/sv\\\/\",\"name\":\"Upplevelsebolaget\",\"description\":\"Outdoor Experiences in West Sweden and Beyond\",\"potentialAction\":[{\"@type\":\"SearchAction\",\"target\":{\"@type\":\"EntryPoint\",\"urlTemplate\":\"https:\\\/\\\/upplevelsebolaget.com\\\/sv\\\/?s={search_term_string}\"},\"query-input\":{\"@type\":\"PropertyValueSpecification\",\"valueRequired\":true,\"valueName\":\"search_term_string\"}}],\"inLanguage\":\"sv-SE\"}]}<\/script>\n<!-- \/ Yoast SEO plugin. -->","yoast_head_json":{"title":"Tillg\u00e4nglighet - Upplevelsebolaget","robots":{"index":"index","follow":"follow","max-snippet":"max-snippet:-1","max-image-preview":"max-image-preview:large","max-video-preview":"max-video-preview:-1"},"canonical":"https:\/\/upplevelsebolaget.com\/sv\/tillganglighet\/","og_locale":"sv_SE","og_type":"article","og_title":"Tillg\u00e4nglighet - Upplevelsebolaget","og_description":"Vi gillar v\u00e4rlden. Alla som arbetar f\u00f6r Upplevelsebolaget har spenderat en stor del av sitt liv och sina resurser f\u00f6r att uppt\u00e4cka och uppleva v\u00e5r planet. Vi \u00e4lskar m\u00e5ngfalden, variationen och \u00f6verraskningarna. Vi gillar varmt och kallt, h\u00f6gt och l\u00e5gt, s\u00f6tt och salt, svart och vitt. Och allting d\u00e4r emellan. Vi gillar ocks\u00e5 n\u00e4r v\u00e4rlden ... L\u00e4s mer","og_url":"https:\/\/upplevelsebolaget.com\/sv\/tillganglighet\/","og_site_name":"Upplevelsebolaget","article_modified_time":"2021-01-22T13:30:48+00:00","og_image":[{"width":800,"height":532,"url":"https:\/\/upplevelsebolaget.com\/wp-content\/uploads\/2019\/12\/Access_IMG_8289.jpg","type":"image\/jpeg"}],"twitter_card":"summary_large_image","twitter_misc":{"Ber\u00e4knad l\u00e4stid":"1 minut"},"schema":{"@context":"https:\/\/schema.org","@graph":[{"@type":"WebPage","@id":"https:\/\/upplevelsebolaget.com\/sv\/tillganglighet\/","url":"https:\/\/upplevelsebolaget.com\/sv\/tillganglighet\/","name":"Tillg\u00e4nglighet - Upplevelsebolaget","isPartOf":{"@id":"https:\/\/upplevelsebolaget.com\/sv\/#website"},"primaryImageOfPage":{"@id":"https:\/\/upplevelsebolaget.com\/sv\/tillganglighet\/#primaryimage"},"image":{"@id":"https:\/\/upplevelsebolaget.com\/sv\/tillganglighet\/#primaryimage"},"thumbnailUrl":"https:\/\/upplevelsebolaget.com\/wp-content\/uploads\/2019\/12\/Access_IMG_8289.jpg","datePublished":"2019-12-04T10:47:00+00:00","dateModified":"2021-01-22T13:30:48+00:00","breadcrumb":{"@id":"https:\/\/upplevelsebolaget.com\/sv\/tillganglighet\/#breadcrumb"},"inLanguage":"sv-SE","potentialAction":[{"@type":"ReadAction","target":["https:\/\/upplevelsebolaget.com\/sv\/tillganglighet\/"]}]},{"@type":"ImageObject","inLanguage":"sv-SE","@id":"https:\/\/upplevelsebolaget.com\/sv\/tillganglighet\/#primaryimage","url":"https:\/\/upplevelsebolaget.com\/wp-content\/uploads\/2019\/12\/Access_IMG_8289.jpg","contentUrl":"https:\/\/upplevelsebolaget.com\/wp-content\/uploads\/2019\/12\/Access_IMG_8289.jpg","width":800,"height":532},{"@type":"BreadcrumbList","@id":"https:\/\/upplevelsebolaget.com\/sv\/tillganglighet\/#breadcrumb","itemListElement":[{"@type":"ListItem","position":1,"name":"Hem","item":"https:\/\/upplevelsebolaget.com\/sv\/hem\/"},{"@type":"ListItem","position":2,"name":"Tillg\u00e4nglighet"}]},{"@type":"WebSite","@id":"https:\/\/upplevelsebolaget.com\/sv\/#website","url":"https:\/\/upplevelsebolaget.com\/sv\/","name":"Upplevelsebolaget","description":"Outdoor Experiences in West Sweden and Beyond","potentialAction":[{"@type":"SearchAction","target":{"@type":"EntryPoint","urlTemplate":"https:\/\/upplevelsebolaget.com\/sv\/?s={search_term_string}"},"query-input":{"@type":"PropertyValueSpecification","valueRequired":true,"valueName":"search_term_string"}}],"inLanguage":"sv-SE"}]}},"_links":{"self":[{"href":"https:\/\/upplevelsebolaget.com\/sv\/wp-json\/wp\/v2\/pages\/4496","targetHints":{"allow":["GET"]}}],"collection":[{"href":"https:\/\/upplevelsebolaget.com\/sv\/wp-json\/wp\/v2\/pages"}],"about":[{"href":"https:\/\/upplevelsebolaget.com\/sv\/wp-json\/wp\/v2\/types\/page"}],"author":[{"embeddable":true,"href":"https:\/\/upplevelsebolaget.com\/sv\/wp-json\/wp\/v2\/users\/2"}],"replies":[{"embeddable":true,"href":"https:\/\/upplevelsebolaget.com\/sv\/wp-json\/wp\/v2\/comments?post=4496"}],"version-history":[{"count":5,"href":"https:\/\/upplevelsebolaget.com\/sv\/wp-json\/wp\/v2\/pages\/4496\/revisions"}],"predecessor-version":[{"id":5462,"href":"https:\/\/upplevelsebolaget.com\/sv\/wp-json\/wp\/v2\/pages\/4496\/revisions\/5462"}],"wp:featuredmedia":[{"embeddable":true,"href":"https:\/\/upplevelsebolaget.com\/sv\/wp-json\/wp\/v2\/media\/4231"}],"wp:attachment":[{"href":"https:\/\/upplevelsebolaget.com\/sv\/wp-json\/wp\/v2\/media?parent=4496"}],"curies":[{"name":"wp","href":"https:\/\/api.w.org\/{rel}","templated":true}]}}